{"id":91158,"date":"2022-10-03T08:58:00","date_gmt":"2022-10-03T08:58:00","guid":{"rendered":"https:\/\/rotavicentina.com\/product\/mapa\/"},"modified":"2026-04-05T20:28:21","modified_gmt":"2026-04-05T20:28:21","slug":"carte","status":"publish","type":"product","link":"https:\/\/rotavicentina.com\/fr\/produit\/carte\/","title":{"rendered":"Carte 1:55 000"},"content":{"rendered":"<p>Carte topographique du r\u00e9seau de <a href=\"https:\/\/rotavicentina.com\/walking\/trilho-dos-pescadores\/\"><strong>Sentiers P\u00e9destres<\/strong><\/a> de la Rota Vicentina, \u00e0 l\u2019\u00e9chelle de 1:55 000, r\u00e9sistante \u00e0 la poussi\u00e8re et aux \u00e9claboussures.<\/p>\n<p>Elle comprend tous les d\u00e9tails sur le <strong>Chemin Historique<\/strong>, le <strong>Sentier des P\u00eacheurs<\/strong> et les <strong>Parcours Circulaires<\/strong>, ainsi que les services et l\u2019offre touristique.<\/p>\n","protected":false},"excerpt":{"rendered":"<p><strong>Carte officielle des Sentiers P\u00e9destres de la Rota Vicentina<br \/>\n<\/strong><strong><br \/>\n<\/strong>Si vous venez effectuer une randonn\u00e9e sur la Rota Vicentina ou visiter le Sud-ouest du Portugal, il vous faut avant tout une bonne carte. Munissez-vous de toute l\u2019information importante.<\/p>\n","protected":false},"featured_media":59559,"template":"","meta":{"_acf_changed":false},"product_brand":[],"product_cat":[554],"product_tag":[],"class_list":{"0":"post-91158","1":"product","2":"type-product","3":"status-publish","4":"has-post-thumbnail","6":"product_cat-cartes","7":"product_shipping_class-padrao-fr","9":"first","10":"instock","11":"sold-individually","12":"purchasable","13":"product-type-simple"},"acf":[],"yoast_head":"<!-- This site is optimized with the Yoast SEO Premium plugin v19.5 (Yoast SEO v27.0) - https:\/\/yoast.com\/product\/yoast-seo-premium-wordpress\/ -->\n<title>Carte officielle des Sentiers P\u00e9destres de la Rota Vicentina<\/title>\n<meta name=\"description\" content=\"Carte topographique du r\u00e9seau de Sentiers P\u00e9destres de la Rota Vicentina: le Chemin Historique, le Sentier des P\u00eacheurs et les Parcours Circulaires.\" \/>\n<meta name=\"robots\" content=\"index, follow, max-snippet:-1, max-image-preview:large, max-video-preview:-1\" \/>\n<link rel=\"canonical\" href=\"https:\/\/rotavicentina.com\/fr\/produit\/carte\/\" \/>\n<meta property=\"og:locale\" content=\"fr_FR\" \/>\n<meta property=\"og:type\" content=\"article\" \/>\n<meta property=\"og:title\" content=\"Carte officielle des Sentiers P\u00e9destres de la Rota Vicentina\" \/>\n<meta property=\"og:description\" content=\"Carte topographique du r\u00e9seau de Sentiers P\u00e9destres de la Rota Vicentina: le Chemin Historique, le Sentier des P\u00eacheurs et les Parcours Circulaires.\" \/>\n<meta property=\"og:url\" content=\"https:\/\/rotavicentina.com\/fr\/produit\/carte\/\" \/>\n<meta property=\"og:site_name\" content=\"Rota Vicentina\" \/>\n<meta property=\"article:publisher\" content=\"https:\/\/www.facebook.com\/rotavicentina\" \/>\n<meta property=\"article:modified_time\" content=\"2026-04-05T20:28:21+00:00\" \/>\n<meta property=\"og:image\" content=\"https:\/\/rotavicentina.com\/wp-content\/uploads\/2019\/09\/principal-1.jpg\" \/>\n\t<meta property=\"og:image:width\" content=\"1000\" \/>\n\t<meta property=\"og:image:height\" content=\"667\" \/>\n\t<meta property=\"og:image:type\" content=\"image\/jpeg\" \/>\n<meta name=\"twitter:card\" content=\"summary_large_image\" \/>\n<meta name=\"twitter:site\" content=\"@RotaVicentina\" \/>\n<meta name=\"twitter:label1\" content=\"Dur\u00e9e de lecture estim\u00e9e\" \/>\n\t<meta name=\"twitter:data1\" content=\"1 minute\" \/>\n<script type=\"application\/ld+json\" class=\"yoast-schema-graph\">{\"@context\":\"https:\/\/schema.org\",\"@graph\":[{\"@type\":\"WebPage\",\"@id\":\"https:\/\/rotavicentina.com\/fr\/produit\/carte\/\",\"url\":\"https:\/\/rotavicentina.com\/fr\/produit\/carte\/\",\"name\":\"Carte officielle des Sentiers P\u00e9destres de la Rota Vicentina\",\"isPartOf\":{\"@id\":\"https:\/\/rotavicentina.com\/#website\"},\"primaryImageOfPage\":{\"@id\":\"https:\/\/rotavicentina.com\/fr\/produit\/carte\/#primaryimage\"},\"image\":{\"@id\":\"https:\/\/rotavicentina.com\/fr\/produit\/carte\/#primaryimage\"},\"thumbnailUrl\":\"https:\/\/rotavicentina.com\/wp-content\/uploads\/2019\/09\/principal-1.jpg\",\"datePublished\":\"2022-10-03T08:58:00+00:00\",\"dateModified\":\"2026-04-05T20:28:21+00:00\",\"description\":\"Carte topographique du r\u00e9seau de Sentiers P\u00e9destres de la Rota Vicentina: le Chemin Historique, le Sentier des P\u00eacheurs et les Parcours Circulaires.\",\"breadcrumb\":{\"@id\":\"https:\/\/rotavicentina.com\/fr\/produit\/carte\/#breadcrumb\"},\"inLanguage\":\"fr-FR\",\"potentialAction\":[{\"@type\":\"ReadAction\",\"target\":[\"https:\/\/rotavicentina.com\/fr\/produit\/carte\/\"]}]},{\"@type\":\"ImageObject\",\"inLanguage\":\"fr-FR\",\"@id\":\"https:\/\/rotavicentina.com\/fr\/produit\/carte\/#primaryimage\",\"url\":\"https:\/\/rotavicentina.com\/wp-content\/uploads\/2019\/09\/principal-1.jpg\",\"contentUrl\":\"https:\/\/rotavicentina.com\/wp-content\/uploads\/2019\/09\/principal-1.jpg\",\"width\":\"1000\",\"height\":\"667\",\"caption\":\"Carte des sentiers de randonn\u00e9e de la Rota Vicentina\"},{\"@type\":\"BreadcrumbList\",\"@id\":\"https:\/\/rotavicentina.com\/fr\/produit\/carte\/#breadcrumb\",\"itemListElement\":[{\"@type\":\"ListItem\",\"position\":1,\"name\":\"Boutique\",\"item\":\"https:\/\/rotavicentina.com\/fr\/boutique\/\"},{\"@type\":\"ListItem\",\"position\":2,\"name\":\"Carte 1:55 000\"}]},{\"@type\":\"WebSite\",\"@id\":\"https:\/\/rotavicentina.com\/#website\",\"url\":\"https:\/\/rotavicentina.com\/\",\"name\":\"Rota Vicentina\",\"description\":\"A p\u00e9 pelo Trilho dos Pescadores, Caminho Hist\u00f3rico ou Percursos Circulares ou v\u00e1 de bicicleta pelos mais de 1000km de Trilhos de Bicicleta na Rota Vicentina.\",\"publisher\":{\"@id\":\"https:\/\/rotavicentina.com\/#organization\"},\"potentialAction\":[{\"@type\":\"SearchAction\",\"target\":{\"@type\":\"EntryPoint\",\"urlTemplate\":\"https:\/\/rotavicentina.com\/?s={search_term_string}\"},\"query-input\":{\"@type\":\"PropertyValueSpecification\",\"valueRequired\":true,\"valueName\":\"search_term_string\"}}],\"inLanguage\":\"fr-FR\"},{\"@type\":\"Organization\",\"@id\":\"https:\/\/rotavicentina.com\/#organization\",\"name\":\"Rota Vicentina\",\"url\":\"https:\/\/rotavicentina.com\/\",\"logo\":{\"@type\":\"ImageObject\",\"inLanguage\":\"fr-FR\",\"@id\":\"https:\/\/rotavicentina.com\/#\/schema\/logo\/image\/\",\"url\":\"https:\/\/rotavicentina.com\/wp-content\/uploads\/2023\/02\/Rota-Vicentina-SW-Portugal.jpg\",\"contentUrl\":\"https:\/\/rotavicentina.com\/wp-content\/uploads\/2023\/02\/Rota-Vicentina-SW-Portugal.jpg\",\"width\":\"852\",\"height\":\"480\",\"caption\":\"Rota Vicentina\"},\"image\":{\"@id\":\"https:\/\/rotavicentina.com\/#\/schema\/logo\/image\/\"},\"sameAs\":[\"https:\/\/www.facebook.com\/rotavicentina\",\"https:\/\/x.com\/RotaVicentina\",\"https:\/\/www.instagram.com\/rotavicentina\/\",\"https:\/\/pt.linkedin.com\/company\/rota-vicentina\"]}]}<\/script>\n<!-- \/ Yoast SEO Premium plugin. -->","yoast_head_json":{"title":"Carte officielle des Sentiers P\u00e9destres de la Rota Vicentina","description":"Carte topographique du r\u00e9seau de Sentiers P\u00e9destres de la Rota Vicentina: le Chemin Historique, le Sentier des P\u00eacheurs et les Parcours Circulaires.","robots":{"index":"index","follow":"follow","max-snippet":"max-snippet:-1","max-image-preview":"max-image-preview:large","max-video-preview":"max-video-preview:-1"},"canonical":"https:\/\/rotavicentina.com\/fr\/produit\/carte\/","og_locale":"fr_FR","og_type":"article","og_title":"Carte officielle des Sentiers P\u00e9destres de la Rota Vicentina","og_description":"Carte topographique du r\u00e9seau de Sentiers P\u00e9destres de la Rota Vicentina: le Chemin Historique, le Sentier des P\u00eacheurs et les Parcours Circulaires.","og_url":"https:\/\/rotavicentina.com\/fr\/produit\/carte\/","og_site_name":"Rota Vicentina","article_publisher":"https:\/\/www.facebook.com\/rotavicentina","article_modified_time":"2026-04-05T20:28:21+00:00","og_image":[{"width":1000,"height":667,"url":"https:\/\/rotavicentina.com\/wp-content\/uploads\/2019\/09\/principal-1.jpg","type":"image\/jpeg"}],"twitter_card":"summary_large_image","twitter_site":"@RotaVicentina","twitter_misc":{"Dur\u00e9e de lecture estim\u00e9e":"1 minute"},"schema":{"@context":"https:\/\/schema.org","@graph":[{"@type":"WebPage","@id":"https:\/\/rotavicentina.com\/fr\/produit\/carte\/","url":"https:\/\/rotavicentina.com\/fr\/produit\/carte\/","name":"Carte officielle des Sentiers P\u00e9destres de la Rota Vicentina","isPartOf":{"@id":"https:\/\/rotavicentina.com\/#website"},"primaryImageOfPage":{"@id":"https:\/\/rotavicentina.com\/fr\/produit\/carte\/#primaryimage"},"image":{"@id":"https:\/\/rotavicentina.com\/fr\/produit\/carte\/#primaryimage"},"thumbnailUrl":"https:\/\/rotavicentina.com\/wp-content\/uploads\/2019\/09\/principal-1.jpg","datePublished":"2022-10-03T08:58:00+00:00","dateModified":"2026-04-05T20:28:21+00:00","description":"Carte topographique du r\u00e9seau de Sentiers P\u00e9destres de la Rota Vicentina: le Chemin Historique, le Sentier des P\u00eacheurs et les Parcours Circulaires.","breadcrumb":{"@id":"https:\/\/rotavicentina.com\/fr\/produit\/carte\/#breadcrumb"},"inLanguage":"fr-FR","potentialAction":[{"@type":"ReadAction","target":["https:\/\/rotavicentina.com\/fr\/produit\/carte\/"]}]},{"@type":"ImageObject","inLanguage":"fr-FR","@id":"https:\/\/rotavicentina.com\/fr\/produit\/carte\/#primaryimage","url":"https:\/\/rotavicentina.com\/wp-content\/uploads\/2019\/09\/principal-1.jpg","contentUrl":"https:\/\/rotavicentina.com\/wp-content\/uploads\/2019\/09\/principal-1.jpg","width":"1000","height":"667","caption":"Carte des sentiers de randonn\u00e9e de la Rota Vicentina"},{"@type":"BreadcrumbList","@id":"https:\/\/rotavicentina.com\/fr\/produit\/carte\/#breadcrumb","itemListElement":[{"@type":"ListItem","position":1,"name":"Boutique","item":"https:\/\/rotavicentina.com\/fr\/boutique\/"},{"@type":"ListItem","position":2,"name":"Carte 1:55 000"}]},{"@type":"WebSite","@id":"https:\/\/rotavicentina.com\/#website","url":"https:\/\/rotavicentina.com\/","name":"Rota Vicentina","description":"A p\u00e9 pelo Trilho dos Pescadores, Caminho Hist\u00f3rico ou Percursos Circulares ou v\u00e1 de bicicleta pelos mais de 1000km de Trilhos de Bicicleta na Rota Vicentina.","publisher":{"@id":"https:\/\/rotavicentina.com\/#organization"},"potentialAction":[{"@type":"SearchAction","target":{"@type":"EntryPoint","urlTemplate":"https:\/\/rotavicentina.com\/?s={search_term_string}"},"query-input":{"@type":"PropertyValueSpecification","valueRequired":true,"valueName":"search_term_string"}}],"inLanguage":"fr-FR"},{"@type":"Organization","@id":"https:\/\/rotavicentina.com\/#organization","name":"Rota Vicentina","url":"https:\/\/rotavicentina.com\/","logo":{"@type":"ImageObject","inLanguage":"fr-FR","@id":"https:\/\/rotavicentina.com\/#\/schema\/logo\/image\/","url":"https:\/\/rotavicentina.com\/wp-content\/uploads\/2023\/02\/Rota-Vicentina-SW-Portugal.jpg","contentUrl":"https:\/\/rotavicentina.com\/wp-content\/uploads\/2023\/02\/Rota-Vicentina-SW-Portugal.jpg","width":"852","height":"480","caption":"Rota Vicentina"},"image":{"@id":"https:\/\/rotavicentina.com\/#\/schema\/logo\/image\/"},"sameAs":["https:\/\/www.facebook.com\/rotavicentina","https:\/\/x.com\/RotaVicentina","https:\/\/www.instagram.com\/rotavicentina\/","https:\/\/pt.linkedin.com\/company\/rota-vicentina"]}]}},"_links":{"self":[{"href":"https:\/\/rotavicentina.com\/fr\/wp-json\/wp\/v2\/product\/91158","targetHints":{"allow":["GET"]}}],"collection":[{"href":"https:\/\/rotavicentina.com\/fr\/wp-json\/wp\/v2\/product"}],"about":[{"href":"https:\/\/rotavicentina.com\/fr\/wp-json\/wp\/v2\/types\/product"}],"wp:featuredmedia":[{"embeddable":true,"href":"https:\/\/rotavicentina.com\/fr\/wp-json\/wp\/v2\/media\/59559"}],"wp:attachment":[{"href":"https:\/\/rotavicentina.com\/fr\/wp-json\/wp\/v2\/media?parent=91158"}],"wp:term":[{"taxonomy":"product_brand","embeddable":true,"href":"https:\/\/rotavicentina.com\/fr\/wp-json\/wp\/v2\/product_brand?post=91158"},{"taxonomy":"product_cat","embeddable":true,"href":"https:\/\/rotavicentina.com\/fr\/wp-json\/wp\/v2\/product_cat?post=91158"},{"taxonomy":"product_tag","embeddable":true,"href":"https:\/\/rotavicentina.com\/fr\/wp-json\/wp\/v2\/product_tag?post=91158"}],"curies":[{"name":"wp","href":"https:\/\/api.w.org\/{rel}","templated":true}]}}