{"id":127829,"date":"2026-04-02T14:28:08","date_gmt":"2026-04-02T14:28:08","guid":{"rendered":"https:\/\/rotavicentina.com\/product\/t-shirt\/"},"modified":"2026-04-02T14:28:08","modified_gmt":"2026-04-02T14:28:08","slug":"t-shirt","status":"publish","type":"product","link":"https:\/\/rotavicentina.com\/fr\/produit\/t-shirt\/","title":{"rendered":"T-shirt"},"content":{"rendered":"<p data-start=\"0\" data-end=\"292\">Plus qu\u2019un simple v\u00eatement, le t-shirt officiel de la Rota Vicentina repr\u00e9sente le lien avec les sentiers et ceux qui les parcourent. Confortable, polyvalent et intemporel, il est con\u00e7u aussi bien pour les journ\u00e9es de randonn\u00e9e que pour un usage quotidien, avec un design simple et durable qui refl\u00e8te l\u2019identit\u00e9 de la marque Rota Vicentina. <\/p>\n<p data-start=\"294\" data-end=\"547\">Fabriqu\u00e9 au Portugal en <strong>100 % coton<\/strong>, ce t-shirt allie qualit\u00e9, confort et durabilit\u00e9. Disponible en <strong>blanc et vert olive<\/strong>, en <strong>cinq tailles (XS, S, M, L et XL)<\/strong>, il offre une coupe confortable adapt\u00e9e \u00e0 diff\u00e9rents contextes. <\/p>\n<p data-start=\"549\" data-end=\"779\">En achetant ce t-shirt, vous contribuez \u00e9galement directement \u00e0 <strong>l\u2019Association Rota Vicentina<\/strong>. Chaque achat soutient l\u2019entretien, la promotion et le d\u00e9veloppement des sentiers p\u00e9destres et cyclables, ainsi que la valorisation du territoire et des communaut\u00e9s locales. <\/p>\n","protected":false},"excerpt":{"rendered":"<p data-start=\"0\" data-end=\"292\">T-shirt avec le logo de la Rota Vicentina, fabriqu\u00e9 au Portugal avec des tissus responsables.<\/p>\n<p>Disponible en blanc et vert olive.<\/p>\n","protected":false},"featured_media":127808,"template":"","meta":{"_acf_changed":false},"product_brand":[],"product_cat":[1654],"product_tag":[],"class_list":{"0":"post-127829","1":"product","2":"type-product","3":"status-publish","4":"has-post-thumbnail","6":"product_cat-vetements","7":"product_shipping_class-padrao-fr","9":"first","10":"instock","11":"purchasable","12":"product-type-variable"},"acf":[],"yoast_head":"<!-- This site is optimized with the Yoast SEO Premium plugin v19.5 (Yoast SEO v27.0) - https:\/\/yoast.com\/product\/yoast-seo-premium-wordpress\/ -->\n<title>T-shirt - Rota Vicentina<\/title>\n<meta name=\"robots\" content=\"index, follow, max-snippet:-1, max-image-preview:large, max-video-preview:-1\" \/>\n<link rel=\"canonical\" href=\"https:\/\/rotavicentina.com\/product\/t-shirt\/\" \/>\n<meta property=\"og:locale\" content=\"fr_FR\" \/>\n<meta property=\"og:type\" content=\"article\" \/>\n<meta property=\"og:title\" content=\"T-shirt - Rota Vicentina\" \/>\n<meta property=\"og:description\" content=\"T-shirt avec le logo de la Rota Vicentina, fabriqu\u00e9 au Portugal avec des tissus responsables. Disponible en blanc et vert olive.\" \/>\n<meta property=\"og:url\" content=\"https:\/\/rotavicentina.com\/product\/t-shirt\/\" \/>\n<meta property=\"og:site_name\" content=\"Rota Vicentina\" \/>\n<meta property=\"article:publisher\" content=\"https:\/\/www.facebook.com\/rotavicentina\" \/>\n<meta name=\"twitter:card\" content=\"summary_large_image\" \/>\n<meta name=\"twitter:site\" content=\"@RotaVicentina\" \/>\n<meta name=\"twitter:label1\" content=\"Dur\u00e9e de lecture estim\u00e9e\" \/>\n\t<meta name=\"twitter:data1\" content=\"1 minute\" \/>\n<script type=\"application\/ld+json\" class=\"yoast-schema-graph\">{\"@context\":\"https:\/\/schema.org\",\"@graph\":[{\"@type\":\"WebPage\",\"@id\":\"https:\/\/rotavicentina.com\/product\/t-shirt\/\",\"url\":\"https:\/\/rotavicentina.com\/product\/t-shirt\/\",\"name\":\"T-shirt - Rota Vicentina\",\"isPartOf\":{\"@id\":\"https:\/\/rotavicentina.com\/#website\"},\"primaryImageOfPage\":{\"@id\":\"https:\/\/rotavicentina.com\/product\/t-shirt\/#primaryimage\"},\"image\":{\"@id\":\"https:\/\/rotavicentina.com\/product\/t-shirt\/#primaryimage\"},\"thumbnailUrl\":\"https:\/\/rotavicentina.com\/wp-content\/uploads\/2026\/04\/3V9A9418-scaled.jpg\",\"datePublished\":\"2026-04-02T14:28:08+00:00\",\"breadcrumb\":{\"@id\":\"https:\/\/rotavicentina.com\/product\/t-shirt\/#breadcrumb\"},\"inLanguage\":\"fr-FR\",\"potentialAction\":[{\"@type\":\"ReadAction\",\"target\":[\"https:\/\/rotavicentina.com\/product\/t-shirt\/\"]}]},{\"@type\":\"ImageObject\",\"inLanguage\":\"fr-FR\",\"@id\":\"https:\/\/rotavicentina.com\/product\/t-shirt\/#primaryimage\",\"url\":\"https:\/\/rotavicentina.com\/wp-content\/uploads\/2026\/04\/3V9A9418-scaled.jpg\",\"contentUrl\":\"https:\/\/rotavicentina.com\/wp-content\/uploads\/2026\/04\/3V9A9418-scaled.jpg\",\"width\":2560,\"height\":1707,\"caption\":\"Dois rapazes com as t-shirts oficiais da Rota Vicentina vestidas. Uma t-shirt \u00e9 verde, a outra \u00e9 branca, com o log\u00f3tipo da marca Rota Vicentina.\"},{\"@type\":\"BreadcrumbList\",\"@id\":\"https:\/\/rotavicentina.com\/product\/t-shirt\/#breadcrumb\",\"itemListElement\":[{\"@type\":\"ListItem\",\"position\":1,\"name\":\"Boutique\",\"item\":\"https:\/\/rotavicentina.com\/fr\/boutique\/\"},{\"@type\":\"ListItem\",\"position\":2,\"name\":\"T-shirt\"}]},{\"@type\":\"WebSite\",\"@id\":\"https:\/\/rotavicentina.com\/#website\",\"url\":\"https:\/\/rotavicentina.com\/\",\"name\":\"Rota Vicentina\",\"description\":\"A p\u00e9 pelo Trilho dos Pescadores, Caminho Hist\u00f3rico ou Percursos Circulares ou v\u00e1 de bicicleta pelos mais de 1000km de Trilhos de Bicicleta na Rota Vicentina.\",\"publisher\":{\"@id\":\"https:\/\/rotavicentina.com\/#organization\"},\"potentialAction\":[{\"@type\":\"SearchAction\",\"target\":{\"@type\":\"EntryPoint\",\"urlTemplate\":\"https:\/\/rotavicentina.com\/?s={search_term_string}\"},\"query-input\":{\"@type\":\"PropertyValueSpecification\",\"valueRequired\":true,\"valueName\":\"search_term_string\"}}],\"inLanguage\":\"fr-FR\"},{\"@type\":\"Organization\",\"@id\":\"https:\/\/rotavicentina.com\/#organization\",\"name\":\"Rota Vicentina\",\"url\":\"https:\/\/rotavicentina.com\/\",\"logo\":{\"@type\":\"ImageObject\",\"inLanguage\":\"fr-FR\",\"@id\":\"https:\/\/rotavicentina.com\/#\/schema\/logo\/image\/\",\"url\":\"https:\/\/rotavicentina.com\/wp-content\/uploads\/2023\/02\/Rota-Vicentina-SW-Portugal.jpg\",\"contentUrl\":\"https:\/\/rotavicentina.com\/wp-content\/uploads\/2023\/02\/Rota-Vicentina-SW-Portugal.jpg\",\"width\":\"852\",\"height\":\"480\",\"caption\":\"Rota Vicentina\"},\"image\":{\"@id\":\"https:\/\/rotavicentina.com\/#\/schema\/logo\/image\/\"},\"sameAs\":[\"https:\/\/www.facebook.com\/rotavicentina\",\"https:\/\/x.com\/RotaVicentina\",\"https:\/\/www.instagram.com\/rotavicentina\/\",\"https:\/\/pt.linkedin.com\/company\/rota-vicentina\"]}]}<\/script>\n<!-- \/ Yoast SEO Premium plugin. -->","yoast_head_json":{"title":"T-shirt - Rota Vicentina","robots":{"index":"index","follow":"follow","max-snippet":"max-snippet:-1","max-image-preview":"max-image-preview:large","max-video-preview":"max-video-preview:-1"},"canonical":"https:\/\/rotavicentina.com\/product\/t-shirt\/","og_locale":"fr_FR","og_type":"article","og_title":"T-shirt - Rota Vicentina","og_description":"T-shirt avec le logo de la Rota Vicentina, fabriqu\u00e9 au Portugal avec des tissus responsables. Disponible en blanc et vert olive.","og_url":"https:\/\/rotavicentina.com\/product\/t-shirt\/","og_site_name":"Rota Vicentina","article_publisher":"https:\/\/www.facebook.com\/rotavicentina","twitter_card":"summary_large_image","twitter_site":"@RotaVicentina","twitter_misc":{"Dur\u00e9e de lecture estim\u00e9e":"1 minute"},"schema":{"@context":"https:\/\/schema.org","@graph":[{"@type":"WebPage","@id":"https:\/\/rotavicentina.com\/product\/t-shirt\/","url":"https:\/\/rotavicentina.com\/product\/t-shirt\/","name":"T-shirt - Rota Vicentina","isPartOf":{"@id":"https:\/\/rotavicentina.com\/#website"},"primaryImageOfPage":{"@id":"https:\/\/rotavicentina.com\/product\/t-shirt\/#primaryimage"},"image":{"@id":"https:\/\/rotavicentina.com\/product\/t-shirt\/#primaryimage"},"thumbnailUrl":"https:\/\/rotavicentina.com\/wp-content\/uploads\/2026\/04\/3V9A9418-scaled.jpg","datePublished":"2026-04-02T14:28:08+00:00","breadcrumb":{"@id":"https:\/\/rotavicentina.com\/product\/t-shirt\/#breadcrumb"},"inLanguage":"fr-FR","potentialAction":[{"@type":"ReadAction","target":["https:\/\/rotavicentina.com\/product\/t-shirt\/"]}]},{"@type":"ImageObject","inLanguage":"fr-FR","@id":"https:\/\/rotavicentina.com\/product\/t-shirt\/#primaryimage","url":"https:\/\/rotavicentina.com\/wp-content\/uploads\/2026\/04\/3V9A9418-scaled.jpg","contentUrl":"https:\/\/rotavicentina.com\/wp-content\/uploads\/2026\/04\/3V9A9418-scaled.jpg","width":2560,"height":1707,"caption":"Dois rapazes com as t-shirts oficiais da Rota Vicentina vestidas. Uma t-shirt \u00e9 verde, a outra \u00e9 branca, com o log\u00f3tipo da marca Rota Vicentina."},{"@type":"BreadcrumbList","@id":"https:\/\/rotavicentina.com\/product\/t-shirt\/#breadcrumb","itemListElement":[{"@type":"ListItem","position":1,"name":"Boutique","item":"https:\/\/rotavicentina.com\/fr\/boutique\/"},{"@type":"ListItem","position":2,"name":"T-shirt"}]},{"@type":"WebSite","@id":"https:\/\/rotavicentina.com\/#website","url":"https:\/\/rotavicentina.com\/","name":"Rota Vicentina","description":"A p\u00e9 pelo Trilho dos Pescadores, Caminho Hist\u00f3rico ou Percursos Circulares ou v\u00e1 de bicicleta pelos mais de 1000km de Trilhos de Bicicleta na Rota Vicentina.","publisher":{"@id":"https:\/\/rotavicentina.com\/#organization"},"potentialAction":[{"@type":"SearchAction","target":{"@type":"EntryPoint","urlTemplate":"https:\/\/rotavicentina.com\/?s={search_term_string}"},"query-input":{"@type":"PropertyValueSpecification","valueRequired":true,"valueName":"search_term_string"}}],"inLanguage":"fr-FR"},{"@type":"Organization","@id":"https:\/\/rotavicentina.com\/#organization","name":"Rota Vicentina","url":"https:\/\/rotavicentina.com\/","logo":{"@type":"ImageObject","inLanguage":"fr-FR","@id":"https:\/\/rotavicentina.com\/#\/schema\/logo\/image\/","url":"https:\/\/rotavicentina.com\/wp-content\/uploads\/2023\/02\/Rota-Vicentina-SW-Portugal.jpg","contentUrl":"https:\/\/rotavicentina.com\/wp-content\/uploads\/2023\/02\/Rota-Vicentina-SW-Portugal.jpg","width":"852","height":"480","caption":"Rota Vicentina"},"image":{"@id":"https:\/\/rotavicentina.com\/#\/schema\/logo\/image\/"},"sameAs":["https:\/\/www.facebook.com\/rotavicentina","https:\/\/x.com\/RotaVicentina","https:\/\/www.instagram.com\/rotavicentina\/","https:\/\/pt.linkedin.com\/company\/rota-vicentina"]}]}},"_links":{"self":[{"href":"https:\/\/rotavicentina.com\/fr\/wp-json\/wp\/v2\/product\/127829","targetHints":{"allow":["GET"]}}],"collection":[{"href":"https:\/\/rotavicentina.com\/fr\/wp-json\/wp\/v2\/product"}],"about":[{"href":"https:\/\/rotavicentina.com\/fr\/wp-json\/wp\/v2\/types\/product"}],"wp:featuredmedia":[{"embeddable":true,"href":"https:\/\/rotavicentina.com\/fr\/wp-json\/wp\/v2\/media\/127808"}],"wp:attachment":[{"href":"https:\/\/rotavicentina.com\/fr\/wp-json\/wp\/v2\/media?parent=127829"}],"wp:term":[{"taxonomy":"product_brand","embeddable":true,"href":"https:\/\/rotavicentina.com\/fr\/wp-json\/wp\/v2\/product_brand?post=127829"},{"taxonomy":"product_cat","embeddable":true,"href":"https:\/\/rotavicentina.com\/fr\/wp-json\/wp\/v2\/product_cat?post=127829"},{"taxonomy":"product_tag","embeddable":true,"href":"https:\/\/rotavicentina.com\/fr\/wp-json\/wp\/v2\/product_tag?post=127829"}],"curies":[{"name":"wp","href":"https:\/\/api.w.org\/{rel}","templated":true}]}}