{"id":72907,"date":"2021-11-09T09:53:35","date_gmt":"2021-11-09T09:53:35","guid":{"rendered":"https:\/\/rotavicentina.com\/politica-de-privacidade\/"},"modified":"2022-11-02T16:21:00","modified_gmt":"2022-11-02T16:21:00","slug":"politica-de-privacidade","status":"publish","type":"page","link":"https:\/\/rotavicentina.com\/fr\/politica-de-privacidade\/","title":{"rendered":"Privacy Policy"},"content":{"rendered":"<div class=\"wpb-content-wrapper\"><p>[vc_row][vc_column width=\u00a0\u00bb1\/6&Prime;][\/vc_column][vc_column width=\u00a0\u00bb2\/3&Prime;][vc_custom_heading auto_text=\u00a0\u00bbyes\u00a0\u00bb heading_semantic=\u00a0\u00bbh1&Prime;][\/vc_custom_heading][vc_custom_heading text_size=\u00a0\u00bbh4&Prime; el_class=\u00a0\u00bbmt-adapt-2&Prime;]Rota Vicentina &#8211; Association for the Promotion of Nature Tourism on the Alentejo and Vicentina Coast[\/vc_custom_heading][vc_custom_heading heading_semantic=\u00a0\u00bbdiv\u00a0\u00bb text_size=\u00a0\u00bbh6&Prime; el_class=\u00a0\u00bbmt-adapt-2&Prime;]Last update: March 4 2021[\/vc_custom_heading][\/vc_column][vc_column width=\u00a0\u00bb1\/6&Prime;][\/vc_column][\/vc_row][vc_row][vc_column width=\u00a0\u00bb1\/6&Prime;][\/vc_column][vc_column width=\u00a0\u00bb2\/3&Prime;][vc_column_text]The privacy policy of Rota Vicentina (RV) establishes how this Association uses the personal data it collects when interacting with its Associates, volunteers, partners, the press and visitors.[\/vc_column_text][\/vc_column][vc_column width=\u00a0\u00bb1\/6&Prime;][\/vc_column][\/vc_row][vc_row][vc_column width=\u00a0\u00bb1\/6&Prime;][\/vc_column][vc_column width=\u00a0\u00bb2\/3&Prime;][vc_custom_heading heading_semantic=\u00a0\u00bbh3&Prime; text_size=\u00a0\u00bbh5&Prime; text_weight=\u00a0\u00bbfont-weight-bold\u00a0\u00bb]Topics[\/vc_custom_heading][vc_column_text el_class=\u00a0\u00bbmt-adapt-4&Prime;]<\/p>\n<ol>\n<li>What kind of personal data is collected<\/li>\n<li>How personal data is collected<\/li>\n<li>For what purposes is the personal data used<\/li>\n<li>How personal data is stored<\/li>\n<li>Marketing<\/li>\n<li>What are the data protection rights of the holder<\/li>\n<li>What are cookies<\/li>\n<li>How cookies are used<\/li>\n<li>What types of cookies are used<\/li>\n<li>How to manage cookies<\/li>\n<li>Changes to the Privacy Policy<\/li>\n<li>How to contact us<\/li>\n<\/ol>\n<p>[\/vc_column_text][\/vc_column][vc_column width=\u00a0\u00bb1\/6&Prime;][\/vc_column][\/vc_row][vc_row][vc_column width=\u00a0\u00bb1\/6&Prime;][\/vc_column][vc_column width=\u00a0\u00bb2\/3&Prime;][vc_custom_heading heading_semantic=\u00a0\u00bbh3&Prime; text_size=\u00a0\u00bbh5&Prime; text_weight=\u00a0\u00bbfont-weight-bold\u00a0\u00bb]1. WHAT KIND OF PERSONAL DATA IS COLLECTED[\/vc_custom_heading][vc_column_text el_class=\u00a0\u00bbmt-adapt-4&Prime;]The Association collects the following types of personal data:<\/p>\n<ul>\n<li>Personal identification information (name, email address, landline and\/or mobile phone number, address, etc)<\/li>\n<li>Other personal data and information provided in the purchase process on the Online Store such as: tax identification number (NIF) and payment information<\/li>\n<li>Photographs<\/li>\n<li>Health (medical and food information)<\/li>\n<li>Date of birth<\/li>\n<li>Gender<\/li>\n<li>Emergency contact<\/li>\n<li>Relevant training\/experience<\/li>\n<li>Personal preferences including desires, favourites, expressions of interest and acquisition or needs<\/li>\n<li>Business data, from the Rota Vicentina Associate application, such as: name of the establishment, tax number and address, license number;<\/li>\n<li>Information about activities and events and their promoters (activity name, price per person, dates and times, categories, location, event description, maximum capacity, promoter\u2019s website, organizer\u2019s name, promoter\u2019s personal contacts and activity photographs )<\/li>\n<li>Geolocation Data<\/li>\n<\/ul>\n<p>[\/vc_column_text][\/vc_column][vc_column width=\u00a0\u00bb1\/6&Prime;][\/vc_column][\/vc_row][vc_row][vc_column width=\u00a0\u00bb1\/6&Prime;][\/vc_column][vc_column width=\u00a0\u00bb2\/3&Prime;][vc_custom_heading heading_semantic=\u00a0\u00bbh3&Prime; text_size=\u00a0\u00bbh5&Prime; text_weight=\u00a0\u00bbfont-weight-bold\u00a0\u00bb]2. HOW PERSONAL DATA IS COLLECT[\/vc_custom_heading][vc_column_text el_class=\u00a0\u00bbmt-adapt-4&Prime;]Most of the personal data processed by RV is provided directly by the holder. We collect and process personal data from:<\/p>\n<ul>\n<li>Registration on the RV website<\/li>\n<li>Ordering any of our products or services.<\/li>\n<li>RV newsletter subscription<\/li>\n<li>Registration as an Associate, Volunteer or to an Activity (forms on the RV website)<\/li>\n<li>Submitting Events or Activities to the Agenda<\/li>\n<li>Submission of any form on the RV website<\/li>\n<li>Purchase from the Online Store<\/li>\n<li>Fairs and events, RV Counter Service<\/li>\n<li>Using or viewing the RV website (through browser cookies)<\/li>\n<li>RV may also receive personal data indirectly from cookies on its websites (detailed later in this Privacy Policy).<\/li>\n<\/ul>\n<p>[\/vc_column_text][\/vc_column][vc_column width=\u00a0\u00bb1\/6&Prime;][\/vc_column][\/vc_row][vc_row][vc_column width=\u00a0\u00bb1\/6&Prime;][\/vc_column][vc_column width=\u00a0\u00bb2\/3&Prime;][vc_custom_heading heading_semantic=\u00a0\u00bbh3&Prime; text_size=\u00a0\u00bbh5&Prime; text_weight=\u00a0\u00bbfont-weight-bold\u00a0\u00bb]3. FOR WHAT PURPOSES IS PERSONAL DATA USED[\/vc_custom_heading][vc_column_text el_class=\u00a0\u00bbmt-adapt-4&Prime;]The Association collects personal data so that we can:<\/p>\n<ul>\n<li>Process holders\u2019 requests<\/li>\n<li>Complete enrolment for requested activities<\/li>\n<li>Send invitation emails for activities to those who have inscribed<\/li>\n<li>Send relevant information about the Rota Vicentina universe<\/li>\n<li>Insert your activities\/events in the Rota Vicentina agenda<\/li>\n<li>Send the products purchased in the Online Store<\/li>\n<li>Track the use of the RV website to improve the experience for future users<\/li>\n<\/ul>\n<p>With the consent of the holders, RV may share personal data with partner entities and companies so that they can support the Association in providing services such as:<\/p>\n<ul>\n<li>Current management of associates<\/li>\n<li>Boost inter-associate partnerships<\/li>\n<li>Promote the region (Journalists and Tour Operators)<\/li>\n<\/ul>\n<p>[\/vc_column_text][\/vc_column][vc_column width=\u00a0\u00bb1\/6&Prime;][\/vc_column][\/vc_row][vc_row][vc_column width=\u00a0\u00bb1\/6&Prime;][\/vc_column][vc_column width=\u00a0\u00bb2\/3&Prime;][vc_custom_heading heading_semantic=\u00a0\u00bbh3&Prime; text_size=\u00a0\u00bbh5&Prime; text_weight=\u00a0\u00bbfont-weight-bold\u00a0\u00bb]4. HOW PERSONAL DATA IS STORED[\/vc_custom_heading][vc_column_text el_class=\u00a0\u00bbmt-adapt-4&Prime;]A Associa\u00e7\u00e3o observa medidas de Seguran\u00e7a adequadas no armazenamento e cust\u00f3dia dos dados pessoais recolhidos.<\/p>\n<p>Dados pessoais armazenados em formato digital possuem Gest\u00e3o de Acesso por utilizador e utiliza\u00e7\u00e3o de Passwords fortes bem como no acesso a todas as plataformas e ferramentas. Os dados pessoais registados em formato f\u00edsico s\u00e3o armazenados em local com acesso restrito.<\/p>\n<p>The Association follows adequate security measures for the storage and protection of the personal data collected. Personal data stored in digital format has Access Management for the user and utilise strong Passwords for access to all platforms and tools. Personal data recorded in physical format is stored in a place with restricted access.<\/p>\n<p>RV will keep the personal data collected for the duration of the following periods:<\/p>\n<ul>\n<li>Forms: until their deletion is requested;<\/li>\n<li>Membership\/Associate Requests: until their deletion is requested;<\/li>\n<li>Other personal data stored: 36 months.<\/li>\n<\/ul>\n<p>After these deadlines, personal data are securely and definitively destroyed.[\/vc_column_text][\/vc_column][vc_column width=\u00a0\u00bb1\/6&Prime;][\/vc_column][\/vc_row][vc_row][vc_column width=\u00a0\u00bb1\/6&Prime;][\/vc_column][vc_column width=\u00a0\u00bb2\/3&Prime;][vc_custom_heading heading_semantic=\u00a0\u00bbh3&Prime; text_size=\u00a0\u00bbh5&Prime; text_weight=\u00a0\u00bbfont-weight-bold\u00a0\u00bb]5. MARKETING[\/vc_custom_heading][vc_column_text el_class=\u00a0\u00bbmt-adapt-4&Prime;]RV may send information about its products and services which it considers the recipients will be interested in, as well as partner entities\/companies.<br \/>\nIf the data subject has given consent to receive marketing communications, they can always cancel it later, as well as any further communications. The data subject has the right, at any time, to request that RV contact them for marketing purposes and\/or to provide their personal data to other partner entities\/companies. If you no longer wish to be contacted for Marketing purposes, please contact us via email: rgpd@rotavicentina.com.[\/vc_column_text][\/vc_column][vc_column width=\u00a0\u00bb1\/6&Prime;][\/vc_column][\/vc_row][vc_row][vc_column width=\u00a0\u00bb1\/6&Prime;][\/vc_column][vc_column width=\u00a0\u00bb2\/3&Prime;][vc_custom_heading heading_semantic=\u00a0\u00bbh3&Prime; text_size=\u00a0\u00bbh5&Prime; text_weight=\u00a0\u00bbfont-weight-bold\u00a0\u00bb]6. WHAT ARE THE DATA PROTECTION RIGHTS OF THE HOLDER[\/vc_custom_heading][vc_column_text el_class=\u00a0\u00bbmt-adapt-4&Prime;]RV would like to ensure that holders of personal data are aware of their data protection rights. Each holder has the following rights in terms of Data Protection:<\/p>\n<ul>\n<li>The right of access \u2013 The holder has the right to ask the Association for a copy of their stored personal data. We may charge a fee for this service.<\/li>\n<li>The right of rectification \u2013 The holder has the right to ask the Association to correct any information that is inaccurate. They also have the right to ask the RV to complete information that is incomplete.<\/li>\n<li>The right to deletion \u2013 The holder has the right to request that the Association deletes their personal data, under certain conditions.<\/li>\n<li>The right to limit use \u2013 The holder has the right to request that the Association restrict the processing of their personal data, under certain conditions.<\/li>\n<li>The right of opposition \u2013 The holder has the right to oppose the processing of his personal data by the Association, under certain conditions.<\/li>\n<li>The right to data portability \u2013 The holder has the right to request that the Association transfer the data we collect from them to another organisation, or directly to them, under certain conditions.<\/li>\n<\/ul>\n<p>If the holder makes one of these requests, it may take up to 30 days for the respective implementation. If the holder wishes to exercise any of these rights, contact RV by email to: rgpd@rotavicentina.com.[\/vc_column_text][\/vc_column][vc_column width=\u00a0\u00bb1\/6&Prime;][\/vc_column][\/vc_row][vc_row][vc_column width=\u00a0\u00bb1\/6&Prime;][\/vc_column][vc_column width=\u00a0\u00bb2\/3&Prime;][vc_custom_heading heading_semantic=\u00a0\u00bbh3&Prime; text_size=\u00a0\u00bbh5&Prime; text_weight=\u00a0\u00bbfont-weight-bold\u00a0\u00bb]7. WHAT ABOUT COOKIES?[\/vc_custom_heading][vc_column_text el_class=\u00a0\u00bbmt-adapt-4&Prime;]Cookies are small information files stored on a visitor\u2019s computer which collect standard Internet log information and visitor behaviour information. When visiting our website, information may be automatically collected using cookies or similar technology. For more information visit the site: allaboutcookies.org[\/vc_column_text][\/vc_column][vc_column width=\u00a0\u00bb1\/6&Prime;][\/vc_column][\/vc_row][vc_row][vc_column width=\u00a0\u00bb1\/6&Prime;][\/vc_column][vc_column width=\u00a0\u00bb2\/3&Prime;][vc_custom_heading heading_semantic=\u00a0\u00bbh3&Prime; text_size=\u00a0\u00bbh5&Prime; text_weight=\u00a0\u00bbfont-weight-bold\u00a0\u00bb]<strong>8. HOW ARE COOKIES USED?<br \/>\n<\/strong>[\/vc_custom_heading][vc_column_text el_class=\u00a0\u00bbmt-adapt-4&Prime;]The Association uses cookies to improve the user experience on the website and APP as well as to:<\/p>\n<ul>\n<li>Keep the session logged on the website and APP<\/li>\n<li>Understand how the website and the online store are used<\/li>\n<li>Improve the performance of the website<\/li>\n<\/ul>\n<p>[\/vc_column_text][\/vc_column][vc_column width=\u00a0\u00bb1\/6&Prime;][\/vc_column][\/vc_row][vc_row][vc_column width=\u00a0\u00bb1\/6&Prime;][\/vc_column][vc_column width=\u00a0\u00bb2\/3&Prime;][vc_custom_heading heading_semantic=\u00a0\u00bbh3&Prime; text_size=\u00a0\u00bbh5&Prime; text_weight=\u00a0\u00bbfont-weight-bold\u00a0\u00bb]<strong>9. WHAT TYPES OF COOKIES ARE USED ON RV WEBSITE?<br \/>\n<\/strong>[\/vc_custom_heading][vc_column_text el_class=\u00a0\u00bbmt-adapt-4&Prime;]There are several different types of cookies, however our website uses cookies from:<\/p>\n<ul>\n<li>Functionality \u2013 this serves to remember previously selected preferences. This may include your preferred language and location. A combination of first-party and third-party cookies is generally used.<\/li>\n<li>Statistical \u2013 used to collect information for statistical analysis of navigation and use of our website, the links followed and information about the browser, device and IP address of origin, namely through Google Analytics and SlimStat.<\/li>\n<li>Social Networks \u2013 serve to interact with social networks, namely Facebook and Instagram.<\/li>\n<li>Youtube \u2013 we use Youtube video players on our website, therefore, on pages with videos, your browser may store Youtube cookies.<\/li>\n<\/ul>\n<p>[\/vc_column_text][\/vc_column][vc_column width=\u00a0\u00bb1\/6&Prime;][\/vc_column][\/vc_row][vc_row][vc_column width=\u00a0\u00bb1\/6&Prime;][\/vc_column][vc_column width=\u00a0\u00bb2\/3&Prime;][vc_custom_heading heading_semantic=\u00a0\u00bbh3&Prime; text_size=\u00a0\u00bbh5&Prime; text_weight=\u00a0\u00bbfont-weight-bold\u00a0\u00bb]<strong>10. HOW TO MANAGE COOKIES?<br \/>\n<\/strong>[\/vc_custom_heading][vc_column_text el_class=\u00a0\u00bbmt-adapt-4&Prime;]The holder may configure his browser not to accept cookies and information on how to remove cookies from the browser can be found on the website above.[\/vc_column_text][\/vc_column][vc_column width=\u00a0\u00bb1\/6&Prime;][\/vc_column][\/vc_row][vc_row][vc_column width=\u00a0\u00bb1\/6&Prime;][\/vc_column][vc_column width=\u00a0\u00bb2\/3&Prime;][vc_custom_heading heading_semantic=\u00a0\u00bbh3&Prime; text_size=\u00a0\u00bbh5&Prime; text_weight=\u00a0\u00bbfont-weight-bold\u00a0\u00bb]<strong>11. CHANGES TO THE PRIVACY POLICY<br \/>\n<\/strong>[\/vc_custom_heading][vc_column_text el_class=\u00a0\u00bbmt-adapt-4&Prime;]The Association keeps its Privacy Policy under regular review and updated on this page. Last update was March 4, 2021.[\/vc_column_text][\/vc_column][vc_column width=\u00a0\u00bb1\/6&Prime;][\/vc_column][\/vc_row][vc_row][vc_column width=\u00a0\u00bb1\/6&Prime;][\/vc_column][vc_column width=\u00a0\u00bb2\/3&Prime;][vc_custom_heading heading_semantic=\u00a0\u00bbh3&Prime; text_size=\u00a0\u00bbh5&Prime; text_weight=\u00a0\u00bbfont-weight-bold\u00a0\u00bb]<\/p>\n<h4><strong>12. HOW TO CONTACT US<br \/>\n<\/strong><\/h4>\n<p>[\/vc_custom_heading][vc_column_text el_class=\u00a0\u00bbmt-adapt-4&Prime;]If the holder has questions about the Privacy Policy of the Rota Vicentina Association, personal data processed or wants to exercise one of the Data Protection rights, contact us by email at rgpd@rotavicentina.com.[\/vc_column_text][\/vc_column][vc_column width=\u00a0\u00bb1\/6&Prime;][\/vc_column][\/vc_row]<\/p>\n<\/div>","protected":false},"excerpt":{"rendered":"<p>[vc_row][vc_column width=\u00a0\u00bb1\/6&Prime;][\/vc_column][vc_column width=\u00a0\u00bb2\/3&Prime;][vc_custom_heading auto_text=\u00a0\u00bbyes\u00a0\u00bb heading_semantic=\u00a0\u00bbh1&Prime;][\/vc_custom_heading][vc_custom_heading text_size=\u00a0\u00bbh4&Prime; el_class=\u00a0\u00bbmt-adapt-2&Prime;]Rota Vicentina &#8211; Association for the Promotion of Nature Tourism on the Alentejo and Vicentina Coast[\/vc_custom_heading][vc_custom_heading heading_semantic=\u00a0\u00bbdiv\u00a0\u00bb text_size=\u00a0\u00bbh6&Prime; el_class=\u00a0\u00bbmt-adapt-2&Prime;]Last update: March 4 2021[\/vc_custom_heading][\/vc_column][vc_column width=\u00a0\u00bb1\/6&Prime;][\/vc_column][\/vc_row][vc_row][vc_column width=\u00a0\u00bb1\/6&Prime;][\/vc_column][vc_column width=\u00a0\u00bb2\/3&Prime;][vc_column_text]The privacy policy of Rota Vicentina (RV) establishes how this Association uses the personal data it collects when interacting with its Associates, volunteers, partners, [&hellip;]<\/p>\n","protected":false},"author":1,"featured_media":0,"parent":0,"menu_order":0,"comment_status":"closed","ping_status":"closed","template":"","meta":{"_acf_changed":false,"footnotes":""},"page-category":[],"class_list":["post-72907","page","type-page","status-publish","hentry"],"acf":[],"yoast_head":"<!-- This site is optimized with the Yoast SEO Premium plugin v19.5 (Yoast SEO v27.0) - https:\/\/yoast.com\/product\/yoast-seo-premium-wordpress\/ -->\n<title>Privacy Policy - Rota Vicentina<\/title>\n<meta name=\"robots\" content=\"index, follow, max-snippet:-1, max-image-preview:large, max-video-preview:-1\" \/>\n<link rel=\"canonical\" href=\"https:\/\/rotavicentina.com\/fr\/politica-de-privacidade\/\" \/>\n<meta property=\"og:locale\" content=\"fr_FR\" \/>\n<meta property=\"og:type\" content=\"article\" \/>\n<meta property=\"og:title\" content=\"Privacy Policy - Rota Vicentina\" \/>\n<meta property=\"og:description\" content=\"[vc_row][vc_column width=\u00a0\u00bb1\/6&Prime;][\/vc_column][vc_column width=\u00a0\u00bb2\/3&Prime;][vc_custom_heading auto_text=\u00a0\u00bbyes\u00a0\u00bb heading_semantic=\u00a0\u00bbh1&Prime;][\/vc_custom_heading][vc_custom_heading text_size=\u00a0\u00bbh4&Prime; el_class=\u00a0\u00bbmt-adapt-2&Prime;]Rota Vicentina &#8211; Association for the Promotion of Nature Tourism on the Alentejo and Vicentina Coast[\/vc_custom_heading][vc_custom_heading heading_semantic=\u00a0\u00bbdiv\u00a0\u00bb text_size=\u00a0\u00bbh6&Prime; el_class=\u00a0\u00bbmt-adapt-2&Prime;]Last update: March 4 2021[\/vc_custom_heading][\/vc_column][vc_column width=\u00a0\u00bb1\/6&Prime;][\/vc_column][\/vc_row][vc_row][vc_column width=\u00a0\u00bb1\/6&Prime;][\/vc_column][vc_column width=\u00a0\u00bb2\/3&Prime;][vc_column_text]The privacy policy of Rota Vicentina (RV) establishes how this Association uses the personal data it collects when interacting with its Associates, volunteers, partners, [&hellip;]\" \/>\n<meta property=\"og:url\" content=\"https:\/\/rotavicentina.com\/fr\/politica-de-privacidade\/\" \/>\n<meta property=\"og:site_name\" content=\"Rota Vicentina\" \/>\n<meta property=\"article:publisher\" content=\"https:\/\/www.facebook.com\/rotavicentina\" \/>\n<meta property=\"article:modified_time\" content=\"2022-11-02T16:21:00+00:00\" \/>\n<meta name=\"twitter:card\" content=\"summary_large_image\" \/>\n<meta name=\"twitter:site\" content=\"@RotaVicentina\" \/>\n<meta name=\"twitter:label1\" content=\"Dur\u00e9e de lecture estim\u00e9e\" \/>\n\t<meta name=\"twitter:data1\" content=\"10 minutes\" \/>\n<script type=\"application\/ld+json\" class=\"yoast-schema-graph\">{\"@context\":\"https:\/\/schema.org\",\"@graph\":[{\"@type\":\"WebPage\",\"@id\":\"https:\/\/rotavicentina.com\/fr\/politica-de-privacidade\/\",\"url\":\"https:\/\/rotavicentina.com\/fr\/politica-de-privacidade\/\",\"name\":\"Privacy Policy - Rota Vicentina\",\"isPartOf\":{\"@id\":\"https:\/\/rotavicentina.com\/#website\"},\"datePublished\":\"2021-11-09T09:53:35+00:00\",\"dateModified\":\"2022-11-02T16:21:00+00:00\",\"inLanguage\":\"fr-FR\",\"potentialAction\":[{\"@type\":\"ReadAction\",\"target\":[\"https:\/\/rotavicentina.com\/fr\/politica-de-privacidade\/\"]}]},{\"@type\":\"WebSite\",\"@id\":\"https:\/\/rotavicentina.com\/#website\",\"url\":\"https:\/\/rotavicentina.com\/\",\"name\":\"Rota Vicentina\",\"description\":\"A p\u00e9 pelo Trilho dos Pescadores, Caminho Hist\u00f3rico ou Percursos Circulares ou v\u00e1 de bicicleta pelos mais de 1000km de Trilhos de Bicicleta na Rota Vicentina.\",\"publisher\":{\"@id\":\"https:\/\/rotavicentina.com\/#organization\"},\"potentialAction\":[{\"@type\":\"SearchAction\",\"target\":{\"@type\":\"EntryPoint\",\"urlTemplate\":\"https:\/\/rotavicentina.com\/?s={search_term_string}\"},\"query-input\":{\"@type\":\"PropertyValueSpecification\",\"valueRequired\":true,\"valueName\":\"search_term_string\"}}],\"inLanguage\":\"fr-FR\"},{\"@type\":\"Organization\",\"@id\":\"https:\/\/rotavicentina.com\/#organization\",\"name\":\"Rota Vicentina\",\"url\":\"https:\/\/rotavicentina.com\/\",\"logo\":{\"@type\":\"ImageObject\",\"inLanguage\":\"fr-FR\",\"@id\":\"https:\/\/rotavicentina.com\/#\/schema\/logo\/image\/\",\"url\":\"https:\/\/rotavicentina.com\/wp-content\/uploads\/2023\/02\/Rota-Vicentina-SW-Portugal.jpg\",\"contentUrl\":\"https:\/\/rotavicentina.com\/wp-content\/uploads\/2023\/02\/Rota-Vicentina-SW-Portugal.jpg\",\"width\":\"852\",\"height\":\"480\",\"caption\":\"Rota Vicentina\"},\"image\":{\"@id\":\"https:\/\/rotavicentina.com\/#\/schema\/logo\/image\/\"},\"sameAs\":[\"https:\/\/www.facebook.com\/rotavicentina\",\"https:\/\/x.com\/RotaVicentina\",\"https:\/\/www.instagram.com\/rotavicentina\/\",\"https:\/\/pt.linkedin.com\/company\/rota-vicentina\"]}]}<\/script>\n<!-- \/ Yoast SEO Premium plugin. -->","yoast_head_json":{"title":"Privacy Policy - Rota Vicentina","robots":{"index":"index","follow":"follow","max-snippet":"max-snippet:-1","max-image-preview":"max-image-preview:large","max-video-preview":"max-video-preview:-1"},"canonical":"https:\/\/rotavicentina.com\/fr\/politica-de-privacidade\/","og_locale":"fr_FR","og_type":"article","og_title":"Privacy Policy - Rota Vicentina","og_description":"[vc_row][vc_column width=\u00a0\u00bb1\/6&Prime;][\/vc_column][vc_column width=\u00a0\u00bb2\/3&Prime;][vc_custom_heading auto_text=\u00a0\u00bbyes\u00a0\u00bb heading_semantic=\u00a0\u00bbh1&Prime;][\/vc_custom_heading][vc_custom_heading text_size=\u00a0\u00bbh4&Prime; el_class=\u00a0\u00bbmt-adapt-2&Prime;]Rota Vicentina &#8211; Association for the Promotion of Nature Tourism on the Alentejo and Vicentina Coast[\/vc_custom_heading][vc_custom_heading heading_semantic=\u00a0\u00bbdiv\u00a0\u00bb text_size=\u00a0\u00bbh6&Prime; el_class=\u00a0\u00bbmt-adapt-2&Prime;]Last update: March 4 2021[\/vc_custom_heading][\/vc_column][vc_column width=\u00a0\u00bb1\/6&Prime;][\/vc_column][\/vc_row][vc_row][vc_column width=\u00a0\u00bb1\/6&Prime;][\/vc_column][vc_column width=\u00a0\u00bb2\/3&Prime;][vc_column_text]The privacy policy of Rota Vicentina (RV) establishes how this Association uses the personal data it collects when interacting with its Associates, volunteers, partners, [&hellip;]","og_url":"https:\/\/rotavicentina.com\/fr\/politica-de-privacidade\/","og_site_name":"Rota Vicentina","article_publisher":"https:\/\/www.facebook.com\/rotavicentina","article_modified_time":"2022-11-02T16:21:00+00:00","twitter_card":"summary_large_image","twitter_site":"@RotaVicentina","twitter_misc":{"Dur\u00e9e de lecture estim\u00e9e":"10 minutes"},"schema":{"@context":"https:\/\/schema.org","@graph":[{"@type":"WebPage","@id":"https:\/\/rotavicentina.com\/fr\/politica-de-privacidade\/","url":"https:\/\/rotavicentina.com\/fr\/politica-de-privacidade\/","name":"Privacy Policy - Rota Vicentina","isPartOf":{"@id":"https:\/\/rotavicentina.com\/#website"},"datePublished":"2021-11-09T09:53:35+00:00","dateModified":"2022-11-02T16:21:00+00:00","inLanguage":"fr-FR","potentialAction":[{"@type":"ReadAction","target":["https:\/\/rotavicentina.com\/fr\/politica-de-privacidade\/"]}]},{"@type":"WebSite","@id":"https:\/\/rotavicentina.com\/#website","url":"https:\/\/rotavicentina.com\/","name":"Rota Vicentina","description":"A p\u00e9 pelo Trilho dos Pescadores, Caminho Hist\u00f3rico ou Percursos Circulares ou v\u00e1 de bicicleta pelos mais de 1000km de Trilhos de Bicicleta na Rota Vicentina.","publisher":{"@id":"https:\/\/rotavicentina.com\/#organization"},"potentialAction":[{"@type":"SearchAction","target":{"@type":"EntryPoint","urlTemplate":"https:\/\/rotavicentina.com\/?s={search_term_string}"},"query-input":{"@type":"PropertyValueSpecification","valueRequired":true,"valueName":"search_term_string"}}],"inLanguage":"fr-FR"},{"@type":"Organization","@id":"https:\/\/rotavicentina.com\/#organization","name":"Rota Vicentina","url":"https:\/\/rotavicentina.com\/","logo":{"@type":"ImageObject","inLanguage":"fr-FR","@id":"https:\/\/rotavicentina.com\/#\/schema\/logo\/image\/","url":"https:\/\/rotavicentina.com\/wp-content\/uploads\/2023\/02\/Rota-Vicentina-SW-Portugal.jpg","contentUrl":"https:\/\/rotavicentina.com\/wp-content\/uploads\/2023\/02\/Rota-Vicentina-SW-Portugal.jpg","width":"852","height":"480","caption":"Rota Vicentina"},"image":{"@id":"https:\/\/rotavicentina.com\/#\/schema\/logo\/image\/"},"sameAs":["https:\/\/www.facebook.com\/rotavicentina","https:\/\/x.com\/RotaVicentina","https:\/\/www.instagram.com\/rotavicentina\/","https:\/\/pt.linkedin.com\/company\/rota-vicentina"]}]}},"_links":{"self":[{"href":"https:\/\/rotavicentina.com\/fr\/wp-json\/wp\/v2\/pages\/72907","targetHints":{"allow":["GET"]}}],"collection":[{"href":"https:\/\/rotavicentina.com\/fr\/wp-json\/wp\/v2\/pages"}],"about":[{"href":"https:\/\/rotavicentina.com\/fr\/wp-json\/wp\/v2\/types\/page"}],"author":[{"embeddable":true,"href":"https:\/\/rotavicentina.com\/fr\/wp-json\/wp\/v2\/users\/1"}],"replies":[{"embeddable":true,"href":"https:\/\/rotavicentina.com\/fr\/wp-json\/wp\/v2\/comments?post=72907"}],"version-history":[{"count":0,"href":"https:\/\/rotavicentina.com\/fr\/wp-json\/wp\/v2\/pages\/72907\/revisions"}],"wp:attachment":[{"href":"https:\/\/rotavicentina.com\/fr\/wp-json\/wp\/v2\/media?parent=72907"}],"wp:term":[{"taxonomy":"page-category","embeddable":true,"href":"https:\/\/rotavicentina.com\/fr\/wp-json\/wp\/v2\/page-category?post=72907"}],"curies":[{"name":"wp","href":"https:\/\/api.w.org\/{rel}","templated":true}]}}