{"id":127818,"date":"2026-04-02T14:28:08","date_gmt":"2026-04-02T14:28:08","guid":{"rendered":"https:\/\/rotavicentina.com\/product\/t-shirt\/"},"modified":"2026-04-11T14:16:55","modified_gmt":"2026-04-11T14:16:55","slug":"t-shirt","status":"publish","type":"product","link":"https:\/\/rotavicentina.com\/en\/product\/t-shirt\/","title":{"rendered":"T-shirt"},"content":{"rendered":"<p data-start=\"0\" data-end=\"292\">More than just a piece of clothing, the official Rota Vicentina t-shirt represents a connection to the trails and those who walk them. Comfortable, versatile and timeless, it\u2019s designed for both hiking days and everyday wear, with a simple and durable design that reflects the Rota Vicentina brand identity. <\/p>\n<p data-start=\"294\" data-end=\"547\">Made in Portugal from 100% cotton, this t-shirt combines quality, comfort and sustainability. Available in white and olive green, in five sizes (XS, S, M, L and XL), it features a comfortable fit suitable for different occasions. <\/p>\n<p data-start=\"549\" data-end=\"779\">By purchasing this t-shirt, you are also directly supporting the Rota Vicentina Association. Each purchase helps maintain, promote and develop the Walking and Cycling Trails, as well as support the local communities and the region. <\/p>\n","protected":false},"excerpt":{"rendered":"<p data-start=\"0\" data-end=\"292\">Official Rota Vicentina T-shirt, made in Portugal using responsibly sourced fabrics.<\/p>\n<p>Available in white and olive green.<\/p>\n","protected":false},"featured_media":127807,"template":"","meta":{"_acf_changed":false},"product_brand":[],"product_cat":[1601],"product_tag":[],"class_list":{"0":"post-127818","1":"product","2":"type-product","3":"status-publish","4":"has-post-thumbnail","6":"product_cat-clothing-en","7":"product_shipping_class-padrao-en","9":"first","10":"instock","11":"purchasable","12":"product-type-variable"},"acf":[],"yoast_head":"<!-- This site is optimized with the Yoast SEO Premium plugin v19.5 (Yoast SEO v27.0) - https:\/\/yoast.com\/product\/yoast-seo-premium-wordpress\/ -->\n<title>T-shirt - Rota Vicentina<\/title>\n<meta name=\"robots\" content=\"index, follow, max-snippet:-1, max-image-preview:large, max-video-preview:-1\" \/>\n<link rel=\"canonical\" href=\"https:\/\/rotavicentina.com\/product\/t-shirt\/\" \/>\n<meta property=\"og:locale\" content=\"en_US\" \/>\n<meta property=\"og:type\" content=\"article\" \/>\n<meta property=\"og:title\" content=\"T-shirt - Rota Vicentina\" \/>\n<meta property=\"og:description\" content=\"Official Rota Vicentina T-shirt, made in Portugal using responsibly sourced fabrics. Available in white and olive green.\" \/>\n<meta property=\"og:url\" content=\"https:\/\/rotavicentina.com\/product\/t-shirt\/\" \/>\n<meta property=\"og:site_name\" content=\"Rota Vicentina\" \/>\n<meta property=\"article:publisher\" content=\"https:\/\/www.facebook.com\/rotavicentina\" \/>\n<meta property=\"article:modified_time\" content=\"2026-04-11T14:16:55+00:00\" \/>\n<meta name=\"twitter:card\" content=\"summary_large_image\" \/>\n<meta name=\"twitter:site\" content=\"@RotaVicentina\" \/>\n<meta name=\"twitter:label1\" content=\"Est. reading time\" \/>\n\t<meta name=\"twitter:data1\" content=\"1 minute\" \/>\n<script type=\"application\/ld+json\" class=\"yoast-schema-graph\">{\"@context\":\"https:\/\/schema.org\",\"@graph\":[{\"@type\":\"WebPage\",\"@id\":\"https:\/\/rotavicentina.com\/product\/t-shirt\/\",\"url\":\"https:\/\/rotavicentina.com\/product\/t-shirt\/\",\"name\":\"T-shirt - Rota Vicentina\",\"isPartOf\":{\"@id\":\"https:\/\/rotavicentina.com\/#website\"},\"primaryImageOfPage\":{\"@id\":\"https:\/\/rotavicentina.com\/product\/t-shirt\/#primaryimage\"},\"image\":{\"@id\":\"https:\/\/rotavicentina.com\/product\/t-shirt\/#primaryimage\"},\"thumbnailUrl\":\"https:\/\/rotavicentina.com\/wp-content\/uploads\/2026\/04\/3V9A9418-scaled.jpg\",\"datePublished\":\"2026-04-02T14:28:08+00:00\",\"dateModified\":\"2026-04-11T14:16:55+00:00\",\"breadcrumb\":{\"@id\":\"https:\/\/rotavicentina.com\/product\/t-shirt\/#breadcrumb\"},\"inLanguage\":\"en-US\",\"potentialAction\":[{\"@type\":\"ReadAction\",\"target\":[\"https:\/\/rotavicentina.com\/product\/t-shirt\/\"]}]},{\"@type\":\"ImageObject\",\"inLanguage\":\"en-US\",\"@id\":\"https:\/\/rotavicentina.com\/product\/t-shirt\/#primaryimage\",\"url\":\"https:\/\/rotavicentina.com\/wp-content\/uploads\/2026\/04\/3V9A9418-scaled.jpg\",\"contentUrl\":\"https:\/\/rotavicentina.com\/wp-content\/uploads\/2026\/04\/3V9A9418-scaled.jpg\",\"width\":2560,\"height\":1707,\"caption\":\"Two boys wearing official Rota Vicentina t-shirts. One t-shirt is green, the other is white, with the Rota Vicentina logo.\"},{\"@type\":\"BreadcrumbList\",\"@id\":\"https:\/\/rotavicentina.com\/product\/t-shirt\/#breadcrumb\",\"itemListElement\":[{\"@type\":\"ListItem\",\"position\":1,\"name\":\"Shop\",\"item\":\"https:\/\/rotavicentina.com\/en\/shop\/\"},{\"@type\":\"ListItem\",\"position\":2,\"name\":\"T-shirt\"}]},{\"@type\":\"WebSite\",\"@id\":\"https:\/\/rotavicentina.com\/#website\",\"url\":\"https:\/\/rotavicentina.com\/\",\"name\":\"Rota Vicentina\",\"description\":\"A p\u00e9 pelo Trilho dos Pescadores, Caminho Hist\u00f3rico ou Percursos Circulares ou v\u00e1 de bicicleta pelos mais de 1000km de Trilhos de Bicicleta na Rota Vicentina.\",\"publisher\":{\"@id\":\"https:\/\/rotavicentina.com\/#organization\"},\"potentialAction\":[{\"@type\":\"SearchAction\",\"target\":{\"@type\":\"EntryPoint\",\"urlTemplate\":\"https:\/\/rotavicentina.com\/?s={search_term_string}\"},\"query-input\":{\"@type\":\"PropertyValueSpecification\",\"valueRequired\":true,\"valueName\":\"search_term_string\"}}],\"inLanguage\":\"en-US\"},{\"@type\":\"Organization\",\"@id\":\"https:\/\/rotavicentina.com\/#organization\",\"name\":\"Rota Vicentina\",\"url\":\"https:\/\/rotavicentina.com\/\",\"logo\":{\"@type\":\"ImageObject\",\"inLanguage\":\"en-US\",\"@id\":\"https:\/\/rotavicentina.com\/#\/schema\/logo\/image\/\",\"url\":\"https:\/\/rotavicentina.com\/wp-content\/uploads\/2023\/02\/Rota-Vicentina-SW-Portugal.jpg\",\"contentUrl\":\"https:\/\/rotavicentina.com\/wp-content\/uploads\/2023\/02\/Rota-Vicentina-SW-Portugal.jpg\",\"width\":\"852\",\"height\":\"480\",\"caption\":\"Rota Vicentina\"},\"image\":{\"@id\":\"https:\/\/rotavicentina.com\/#\/schema\/logo\/image\/\"},\"sameAs\":[\"https:\/\/www.facebook.com\/rotavicentina\",\"https:\/\/x.com\/RotaVicentina\",\"https:\/\/www.instagram.com\/rotavicentina\/\",\"https:\/\/pt.linkedin.com\/company\/rota-vicentina\"]}]}<\/script>\n<!-- \/ Yoast SEO Premium plugin. -->","yoast_head_json":{"title":"T-shirt - Rota Vicentina","robots":{"index":"index","follow":"follow","max-snippet":"max-snippet:-1","max-image-preview":"max-image-preview:large","max-video-preview":"max-video-preview:-1"},"canonical":"https:\/\/rotavicentina.com\/product\/t-shirt\/","og_locale":"en_US","og_type":"article","og_title":"T-shirt - Rota Vicentina","og_description":"Official Rota Vicentina T-shirt, made in Portugal using responsibly sourced fabrics. Available in white and olive green.","og_url":"https:\/\/rotavicentina.com\/product\/t-shirt\/","og_site_name":"Rota Vicentina","article_publisher":"https:\/\/www.facebook.com\/rotavicentina","article_modified_time":"2026-04-11T14:16:55+00:00","twitter_card":"summary_large_image","twitter_site":"@RotaVicentina","twitter_misc":{"Est. reading time":"1 minute"},"schema":{"@context":"https:\/\/schema.org","@graph":[{"@type":"WebPage","@id":"https:\/\/rotavicentina.com\/product\/t-shirt\/","url":"https:\/\/rotavicentina.com\/product\/t-shirt\/","name":"T-shirt - Rota Vicentina","isPartOf":{"@id":"https:\/\/rotavicentina.com\/#website"},"primaryImageOfPage":{"@id":"https:\/\/rotavicentina.com\/product\/t-shirt\/#primaryimage"},"image":{"@id":"https:\/\/rotavicentina.com\/product\/t-shirt\/#primaryimage"},"thumbnailUrl":"https:\/\/rotavicentina.com\/wp-content\/uploads\/2026\/04\/3V9A9418-scaled.jpg","datePublished":"2026-04-02T14:28:08+00:00","dateModified":"2026-04-11T14:16:55+00:00","breadcrumb":{"@id":"https:\/\/rotavicentina.com\/product\/t-shirt\/#breadcrumb"},"inLanguage":"en-US","potentialAction":[{"@type":"ReadAction","target":["https:\/\/rotavicentina.com\/product\/t-shirt\/"]}]},{"@type":"ImageObject","inLanguage":"en-US","@id":"https:\/\/rotavicentina.com\/product\/t-shirt\/#primaryimage","url":"https:\/\/rotavicentina.com\/wp-content\/uploads\/2026\/04\/3V9A9418-scaled.jpg","contentUrl":"https:\/\/rotavicentina.com\/wp-content\/uploads\/2026\/04\/3V9A9418-scaled.jpg","width":2560,"height":1707,"caption":"Two boys wearing official Rota Vicentina t-shirts. One t-shirt is green, the other is white, with the Rota Vicentina logo."},{"@type":"BreadcrumbList","@id":"https:\/\/rotavicentina.com\/product\/t-shirt\/#breadcrumb","itemListElement":[{"@type":"ListItem","position":1,"name":"Shop","item":"https:\/\/rotavicentina.com\/en\/shop\/"},{"@type":"ListItem","position":2,"name":"T-shirt"}]},{"@type":"WebSite","@id":"https:\/\/rotavicentina.com\/#website","url":"https:\/\/rotavicentina.com\/","name":"Rota Vicentina","description":"A p\u00e9 pelo Trilho dos Pescadores, Caminho Hist\u00f3rico ou Percursos Circulares ou v\u00e1 de bicicleta pelos mais de 1000km de Trilhos de Bicicleta na Rota Vicentina.","publisher":{"@id":"https:\/\/rotavicentina.com\/#organization"},"potentialAction":[{"@type":"SearchAction","target":{"@type":"EntryPoint","urlTemplate":"https:\/\/rotavicentina.com\/?s={search_term_string}"},"query-input":{"@type":"PropertyValueSpecification","valueRequired":true,"valueName":"search_term_string"}}],"inLanguage":"en-US"},{"@type":"Organization","@id":"https:\/\/rotavicentina.com\/#organization","name":"Rota Vicentina","url":"https:\/\/rotavicentina.com\/","logo":{"@type":"ImageObject","inLanguage":"en-US","@id":"https:\/\/rotavicentina.com\/#\/schema\/logo\/image\/","url":"https:\/\/rotavicentina.com\/wp-content\/uploads\/2023\/02\/Rota-Vicentina-SW-Portugal.jpg","contentUrl":"https:\/\/rotavicentina.com\/wp-content\/uploads\/2023\/02\/Rota-Vicentina-SW-Portugal.jpg","width":"852","height":"480","caption":"Rota Vicentina"},"image":{"@id":"https:\/\/rotavicentina.com\/#\/schema\/logo\/image\/"},"sameAs":["https:\/\/www.facebook.com\/rotavicentina","https:\/\/x.com\/RotaVicentina","https:\/\/www.instagram.com\/rotavicentina\/","https:\/\/pt.linkedin.com\/company\/rota-vicentina"]}]}},"_links":{"self":[{"href":"https:\/\/rotavicentina.com\/en\/wp-json\/wp\/v2\/product\/127818","targetHints":{"allow":["GET"]}}],"collection":[{"href":"https:\/\/rotavicentina.com\/en\/wp-json\/wp\/v2\/product"}],"about":[{"href":"https:\/\/rotavicentina.com\/en\/wp-json\/wp\/v2\/types\/product"}],"wp:featuredmedia":[{"embeddable":true,"href":"https:\/\/rotavicentina.com\/en\/wp-json\/wp\/v2\/media\/127807"}],"wp:attachment":[{"href":"https:\/\/rotavicentina.com\/en\/wp-json\/wp\/v2\/media?parent=127818"}],"wp:term":[{"taxonomy":"product_brand","embeddable":true,"href":"https:\/\/rotavicentina.com\/en\/wp-json\/wp\/v2\/product_brand?post=127818"},{"taxonomy":"product_cat","embeddable":true,"href":"https:\/\/rotavicentina.com\/en\/wp-json\/wp\/v2\/product_cat?post=127818"},{"taxonomy":"product_tag","embeddable":true,"href":"https:\/\/rotavicentina.com\/en\/wp-json\/wp\/v2\/product_tag?post=127818"}],"curies":[{"name":"wp","href":"https:\/\/api.w.org\/{rel}","templated":true}]}}