{"id":112855,"date":"2023-12-22T15:25:49","date_gmt":"2023-12-22T15:25:49","guid":{"rendered":"https:\/\/rotavicentina.com\/?post_type=product&#038;p=112855"},"modified":"2026-04-14T14:47:36","modified_gmt":"2026-04-14T14:47:36","slug":"patch","status":"publish","type":"product","link":"https:\/\/rotavicentina.com\/en\/product\/patch\/","title":{"rendered":"Patch"},"content":{"rendered":"<p><span style=\"font-weight: 300;\">Round and embroidered patch with Rota Vicentina logo, made in Portugal. Brown border and beige background. For heat application with thermoadhesive film. Check the application recommendations in the &#8216;Additional Information&#8217; section of this page.   <\/span><\/p>\n","protected":false},"excerpt":{"rendered":"<p><strong>Official patch of Rota Vicentina, made in Portugal.<\/strong><\/p>\n<p>More than an accessory or souvenir, it\u2019s a hiking tradition that celebrates every step taken on the trails of Rota Vicentina! <\/p>\n<p>Aplique Apply this patch to your clothing or backpack as a symbol of the achievements and memories experienced in the Southwest of Portugal.as no Sudoeste de Portugal.<\/p>\n","protected":false},"featured_media":112831,"template":"","meta":{"_acf_changed":false},"product_brand":[],"product_cat":[1622],"product_tag":[],"class_list":{"0":"post-112855","1":"product","2":"type-product","3":"status-publish","4":"has-post-thumbnail","6":"product_cat-no-category","7":"product_shipping_class-lightweight","9":"first","10":"instock","11":"purchasable","12":"product-type-simple"},"acf":[],"yoast_head":"<!-- This site is optimized with the Yoast SEO Premium plugin v19.5 (Yoast SEO v27.0) - https:\/\/yoast.com\/product\/yoast-seo-premium-wordpress\/ -->\n<title>Rota Vicentina Patch<\/title>\n<meta name=\"description\" content=\"Official patch of Rota Vicentina, made in Portugal. Apply it to your clothing or backpack as a symbol of hikes in the Southwest of Portugal.\" \/>\n<meta name=\"robots\" content=\"index, follow, max-snippet:-1, max-image-preview:large, max-video-preview:-1\" \/>\n<link rel=\"canonical\" href=\"https:\/\/rotavicentina.com\/en\/product\/patch\/\" \/>\n<meta property=\"og:locale\" content=\"en_US\" \/>\n<meta property=\"og:type\" content=\"article\" \/>\n<meta property=\"og:title\" content=\"Rota Vicentina Patch\" \/>\n<meta property=\"og:description\" content=\"Official patch of Rota Vicentina, made in Portugal. Apply it to your clothing or backpack as a symbol of hikes in the Southwest of Portugal.\" \/>\n<meta property=\"og:url\" content=\"https:\/\/rotavicentina.com\/en\/product\/patch\/\" \/>\n<meta property=\"og:site_name\" content=\"Rota Vicentina\" \/>\n<meta property=\"article:publisher\" content=\"https:\/\/www.facebook.com\/rotavicentina\" \/>\n<meta property=\"article:modified_time\" content=\"2026-04-14T14:47:36+00:00\" \/>\n<meta property=\"og:image\" content=\"https:\/\/rotavicentina.com\/wp-content\/uploads\/2023\/12\/Fotos-Emblema-Rota-Vicentina.jpg\" \/>\n\t<meta property=\"og:image:width\" content=\"1200\" \/>\n\t<meta property=\"og:image:height\" content=\"750\" \/>\n\t<meta property=\"og:image:type\" content=\"image\/jpeg\" \/>\n<meta name=\"twitter:card\" content=\"summary_large_image\" \/>\n<meta name=\"twitter:site\" content=\"@RotaVicentina\" \/>\n<meta name=\"twitter:label1\" content=\"Est. reading time\" \/>\n\t<meta name=\"twitter:data1\" content=\"1 minute\" \/>\n<script type=\"application\/ld+json\" class=\"yoast-schema-graph\">{\"@context\":\"https:\/\/schema.org\",\"@graph\":[{\"@type\":\"WebPage\",\"@id\":\"https:\/\/rotavicentina.com\/en\/product\/patch\/\",\"url\":\"https:\/\/rotavicentina.com\/en\/product\/patch\/\",\"name\":\"Rota Vicentina Patch\",\"isPartOf\":{\"@id\":\"https:\/\/rotavicentina.com\/#website\"},\"primaryImageOfPage\":{\"@id\":\"https:\/\/rotavicentina.com\/en\/product\/patch\/#primaryimage\"},\"image\":{\"@id\":\"https:\/\/rotavicentina.com\/en\/product\/patch\/#primaryimage\"},\"thumbnailUrl\":\"https:\/\/rotavicentina.com\/wp-content\/uploads\/2023\/12\/Fotos-Emblema-Rota-Vicentina.jpg\",\"datePublished\":\"2023-12-22T15:25:49+00:00\",\"dateModified\":\"2026-04-14T14:47:36+00:00\",\"description\":\"Official patch of Rota Vicentina, made in Portugal. Apply it to your clothing or backpack as a symbol of hikes in the Southwest of Portugal.\",\"breadcrumb\":{\"@id\":\"https:\/\/rotavicentina.com\/en\/product\/patch\/#breadcrumb\"},\"inLanguage\":\"en-US\",\"potentialAction\":[{\"@type\":\"ReadAction\",\"target\":[\"https:\/\/rotavicentina.com\/en\/product\/patch\/\"]}]},{\"@type\":\"ImageObject\",\"inLanguage\":\"en-US\",\"@id\":\"https:\/\/rotavicentina.com\/en\/product\/patch\/#primaryimage\",\"url\":\"https:\/\/rotavicentina.com\/wp-content\/uploads\/2023\/12\/Fotos-Emblema-Rota-Vicentina.jpg\",\"contentUrl\":\"https:\/\/rotavicentina.com\/wp-content\/uploads\/2023\/12\/Fotos-Emblema-Rota-Vicentina.jpg\",\"width\":1200,\"height\":750,\"caption\":\"embroidered patches Rota Vicentina\"},{\"@type\":\"BreadcrumbList\",\"@id\":\"https:\/\/rotavicentina.com\/en\/product\/patch\/#breadcrumb\",\"itemListElement\":[{\"@type\":\"ListItem\",\"position\":1,\"name\":\"Shop\",\"item\":\"https:\/\/rotavicentina.com\/en\/shop\/\"},{\"@type\":\"ListItem\",\"position\":2,\"name\":\"Patch\"}]},{\"@type\":\"WebSite\",\"@id\":\"https:\/\/rotavicentina.com\/#website\",\"url\":\"https:\/\/rotavicentina.com\/\",\"name\":\"Rota Vicentina\",\"description\":\"A p\u00e9 pelo Trilho dos Pescadores, Caminho Hist\u00f3rico ou Percursos Circulares ou v\u00e1 de bicicleta pelos mais de 1000km de Trilhos de Bicicleta na Rota Vicentina.\",\"publisher\":{\"@id\":\"https:\/\/rotavicentina.com\/#organization\"},\"potentialAction\":[{\"@type\":\"SearchAction\",\"target\":{\"@type\":\"EntryPoint\",\"urlTemplate\":\"https:\/\/rotavicentina.com\/?s={search_term_string}\"},\"query-input\":{\"@type\":\"PropertyValueSpecification\",\"valueRequired\":true,\"valueName\":\"search_term_string\"}}],\"inLanguage\":\"en-US\"},{\"@type\":\"Organization\",\"@id\":\"https:\/\/rotavicentina.com\/#organization\",\"name\":\"Rota Vicentina\",\"url\":\"https:\/\/rotavicentina.com\/\",\"logo\":{\"@type\":\"ImageObject\",\"inLanguage\":\"en-US\",\"@id\":\"https:\/\/rotavicentina.com\/#\/schema\/logo\/image\/\",\"url\":\"https:\/\/rotavicentina.com\/wp-content\/uploads\/2023\/02\/Rota-Vicentina-SW-Portugal.jpg\",\"contentUrl\":\"https:\/\/rotavicentina.com\/wp-content\/uploads\/2023\/02\/Rota-Vicentina-SW-Portugal.jpg\",\"width\":\"852\",\"height\":\"480\",\"caption\":\"Rota Vicentina\"},\"image\":{\"@id\":\"https:\/\/rotavicentina.com\/#\/schema\/logo\/image\/\"},\"sameAs\":[\"https:\/\/www.facebook.com\/rotavicentina\",\"https:\/\/x.com\/RotaVicentina\",\"https:\/\/www.instagram.com\/rotavicentina\/\",\"https:\/\/pt.linkedin.com\/company\/rota-vicentina\"]}]}<\/script>\n<!-- \/ Yoast SEO Premium plugin. -->","yoast_head_json":{"title":"Rota Vicentina Patch","description":"Official patch of Rota Vicentina, made in Portugal. Apply it to your clothing or backpack as a symbol of hikes in the Southwest of Portugal.","robots":{"index":"index","follow":"follow","max-snippet":"max-snippet:-1","max-image-preview":"max-image-preview:large","max-video-preview":"max-video-preview:-1"},"canonical":"https:\/\/rotavicentina.com\/en\/product\/patch\/","og_locale":"en_US","og_type":"article","og_title":"Rota Vicentina Patch","og_description":"Official patch of Rota Vicentina, made in Portugal. Apply it to your clothing or backpack as a symbol of hikes in the Southwest of Portugal.","og_url":"https:\/\/rotavicentina.com\/en\/product\/patch\/","og_site_name":"Rota Vicentina","article_publisher":"https:\/\/www.facebook.com\/rotavicentina","article_modified_time":"2026-04-14T14:47:36+00:00","og_image":[{"width":1200,"height":750,"url":"https:\/\/rotavicentina.com\/wp-content\/uploads\/2023\/12\/Fotos-Emblema-Rota-Vicentina.jpg","type":"image\/jpeg"}],"twitter_card":"summary_large_image","twitter_site":"@RotaVicentina","twitter_misc":{"Est. reading time":"1 minute"},"schema":{"@context":"https:\/\/schema.org","@graph":[{"@type":"WebPage","@id":"https:\/\/rotavicentina.com\/en\/product\/patch\/","url":"https:\/\/rotavicentina.com\/en\/product\/patch\/","name":"Rota Vicentina Patch","isPartOf":{"@id":"https:\/\/rotavicentina.com\/#website"},"primaryImageOfPage":{"@id":"https:\/\/rotavicentina.com\/en\/product\/patch\/#primaryimage"},"image":{"@id":"https:\/\/rotavicentina.com\/en\/product\/patch\/#primaryimage"},"thumbnailUrl":"https:\/\/rotavicentina.com\/wp-content\/uploads\/2023\/12\/Fotos-Emblema-Rota-Vicentina.jpg","datePublished":"2023-12-22T15:25:49+00:00","dateModified":"2026-04-14T14:47:36+00:00","description":"Official patch of Rota Vicentina, made in Portugal. Apply it to your clothing or backpack as a symbol of hikes in the Southwest of Portugal.","breadcrumb":{"@id":"https:\/\/rotavicentina.com\/en\/product\/patch\/#breadcrumb"},"inLanguage":"en-US","potentialAction":[{"@type":"ReadAction","target":["https:\/\/rotavicentina.com\/en\/product\/patch\/"]}]},{"@type":"ImageObject","inLanguage":"en-US","@id":"https:\/\/rotavicentina.com\/en\/product\/patch\/#primaryimage","url":"https:\/\/rotavicentina.com\/wp-content\/uploads\/2023\/12\/Fotos-Emblema-Rota-Vicentina.jpg","contentUrl":"https:\/\/rotavicentina.com\/wp-content\/uploads\/2023\/12\/Fotos-Emblema-Rota-Vicentina.jpg","width":1200,"height":750,"caption":"embroidered patches Rota Vicentina"},{"@type":"BreadcrumbList","@id":"https:\/\/rotavicentina.com\/en\/product\/patch\/#breadcrumb","itemListElement":[{"@type":"ListItem","position":1,"name":"Shop","item":"https:\/\/rotavicentina.com\/en\/shop\/"},{"@type":"ListItem","position":2,"name":"Patch"}]},{"@type":"WebSite","@id":"https:\/\/rotavicentina.com\/#website","url":"https:\/\/rotavicentina.com\/","name":"Rota Vicentina","description":"A p\u00e9 pelo Trilho dos Pescadores, Caminho Hist\u00f3rico ou Percursos Circulares ou v\u00e1 de bicicleta pelos mais de 1000km de Trilhos de Bicicleta na Rota Vicentina.","publisher":{"@id":"https:\/\/rotavicentina.com\/#organization"},"potentialAction":[{"@type":"SearchAction","target":{"@type":"EntryPoint","urlTemplate":"https:\/\/rotavicentina.com\/?s={search_term_string}"},"query-input":{"@type":"PropertyValueSpecification","valueRequired":true,"valueName":"search_term_string"}}],"inLanguage":"en-US"},{"@type":"Organization","@id":"https:\/\/rotavicentina.com\/#organization","name":"Rota Vicentina","url":"https:\/\/rotavicentina.com\/","logo":{"@type":"ImageObject","inLanguage":"en-US","@id":"https:\/\/rotavicentina.com\/#\/schema\/logo\/image\/","url":"https:\/\/rotavicentina.com\/wp-content\/uploads\/2023\/02\/Rota-Vicentina-SW-Portugal.jpg","contentUrl":"https:\/\/rotavicentina.com\/wp-content\/uploads\/2023\/02\/Rota-Vicentina-SW-Portugal.jpg","width":"852","height":"480","caption":"Rota Vicentina"},"image":{"@id":"https:\/\/rotavicentina.com\/#\/schema\/logo\/image\/"},"sameAs":["https:\/\/www.facebook.com\/rotavicentina","https:\/\/x.com\/RotaVicentina","https:\/\/www.instagram.com\/rotavicentina\/","https:\/\/pt.linkedin.com\/company\/rota-vicentina"]}]}},"_links":{"self":[{"href":"https:\/\/rotavicentina.com\/en\/wp-json\/wp\/v2\/product\/112855","targetHints":{"allow":["GET"]}}],"collection":[{"href":"https:\/\/rotavicentina.com\/en\/wp-json\/wp\/v2\/product"}],"about":[{"href":"https:\/\/rotavicentina.com\/en\/wp-json\/wp\/v2\/types\/product"}],"wp:featuredmedia":[{"embeddable":true,"href":"https:\/\/rotavicentina.com\/en\/wp-json\/wp\/v2\/media\/112831"}],"wp:attachment":[{"href":"https:\/\/rotavicentina.com\/en\/wp-json\/wp\/v2\/media?parent=112855"}],"wp:term":[{"taxonomy":"product_brand","embeddable":true,"href":"https:\/\/rotavicentina.com\/en\/wp-json\/wp\/v2\/product_brand?post=112855"},{"taxonomy":"product_cat","embeddable":true,"href":"https:\/\/rotavicentina.com\/en\/wp-json\/wp\/v2\/product_cat?post=112855"},{"taxonomy":"product_tag","embeddable":true,"href":"https:\/\/rotavicentina.com\/en\/wp-json\/wp\/v2\/product_tag?post=112855"}],"curies":[{"name":"wp","href":"https:\/\/api.w.org\/{rel}","templated":true}]}}