{"id":112849,"date":"2023-12-22T15:25:49","date_gmt":"2023-12-22T15:25:49","guid":{"rendered":"https:\/\/rotavicentina.com\/?post_type=product&#038;p=112849"},"modified":"2026-04-19T12:54:22","modified_gmt":"2026-04-19T12:54:22","slug":"wanderabzeichen","status":"publish","type":"product","link":"https:\/\/rotavicentina.com\/de\/produkt\/wanderabzeichen\/","title":{"rendered":"Wanderabzeichen"},"content":{"rendered":"<p><span style=\"font-weight: 300;\">Rundes, in Portugal gesticktes Abzeichen mit dem Logo der Rota Vicentina. Braune Umrandung um beigen Stoff. Zur Anbringung mit Hei\u00dfsiegelfolie. Siehe Anwendungsempfehlungen im Abschnitt &#8222;Zus\u00e4tzliche Informationen&#8220;. <\/span><\/p>\n","protected":false},"excerpt":{"rendered":"<p><strong>Offizielles Wanderabzeichen der Rota Vicentina, in Portugal gestickt.<\/strong><\/p>\n<p>Mehr als nur ein Accessoire, verk\u00f6rpert es die Wandertradition und zelebriert jeden Schritt auf den Wegen der Rota Vicentina.<\/p>\n<p>Bringen Sie dieses Wanderabzeichen an Ihrer Kleidung oder Ihrem Rucksack als Symbol f\u00fcr die Errungenschaften und zur Erinnerung an die Erlebnisse an, die Sie im S\u00fcdwesten Portugals gemacht haben.<\/p>\n","protected":false},"featured_media":112833,"template":"","meta":{"_acf_changed":false},"product_brand":[],"product_cat":[1624],"product_tag":[],"class_list":{"0":"post-112849","1":"product","2":"type-product","3":"status-publish","4":"has-post-thumbnail","6":"product_cat-uncategorized-de","7":"product_shipping_class-leichtgewicht","9":"first","10":"instock","11":"purchasable","12":"product-type-simple"},"acf":[],"yoast_head":"<!-- This site is optimized with the Yoast SEO Premium plugin v19.5 (Yoast SEO v27.0) - https:\/\/yoast.com\/product\/yoast-seo-premium-wordpress\/ -->\n<title>Wanderabzeichen der Rota Vicentina<\/title>\n<meta name=\"description\" content=\"Offizielles Wanderabzeichen der Rota Vicentina, in Portugal gestickt. Bringen Sie dieses Wanderabzeichen an Ihrer Kleidung oder Ihrem Rucksack als Symbol f\u00fcr die Errungenschaften und zur Erinnerung an die Erlebnisse an, die Sie im S\u00fcdwesten Portugals gemacht haben.\" \/>\n<meta name=\"robots\" content=\"index, follow, max-snippet:-1, max-image-preview:large, max-video-preview:-1\" \/>\n<link rel=\"canonical\" href=\"https:\/\/rotavicentina.com\/de\/produkt\/wanderabzeichen\/\" \/>\n<meta property=\"og:locale\" content=\"de_DE\" \/>\n<meta property=\"og:type\" content=\"article\" \/>\n<meta property=\"og:title\" content=\"Wanderabzeichen der Rota Vicentina\" \/>\n<meta property=\"og:description\" content=\"Offizielles Wanderabzeichen der Rota Vicentina, in Portugal gestickt. Bringen Sie dieses Wanderabzeichen an Ihrer Kleidung oder Ihrem Rucksack als Symbol f\u00fcr die Errungenschaften und zur Erinnerung an die Erlebnisse an, die Sie im S\u00fcdwesten Portugals gemacht haben.\" \/>\n<meta property=\"og:url\" content=\"https:\/\/rotavicentina.com\/de\/produkt\/wanderabzeichen\/\" \/>\n<meta property=\"og:site_name\" content=\"Rota Vicentina\" \/>\n<meta property=\"article:publisher\" content=\"https:\/\/www.facebook.com\/rotavicentina\" \/>\n<meta property=\"article:modified_time\" content=\"2026-04-19T12:54:22+00:00\" \/>\n<meta property=\"og:image\" content=\"https:\/\/rotavicentina.com\/wp-content\/uploads\/2023\/12\/Fotos-Emblema-Rota-Vicentina.jpg\" \/>\n\t<meta property=\"og:image:width\" content=\"1200\" \/>\n\t<meta property=\"og:image:height\" content=\"750\" \/>\n\t<meta property=\"og:image:type\" content=\"image\/jpeg\" \/>\n<meta name=\"twitter:card\" content=\"summary_large_image\" \/>\n<meta name=\"twitter:site\" content=\"@RotaVicentina\" \/>\n<meta name=\"twitter:label1\" content=\"Gesch\u00e4tzte Lesezeit\" \/>\n\t<meta name=\"twitter:data1\" content=\"1\u00a0Minute\" \/>\n<script type=\"application\/ld+json\" class=\"yoast-schema-graph\">{\"@context\":\"https:\/\/schema.org\",\"@graph\":[{\"@type\":\"WebPage\",\"@id\":\"https:\/\/rotavicentina.com\/de\/produkt\/wanderabzeichen\/\",\"url\":\"https:\/\/rotavicentina.com\/de\/produkt\/wanderabzeichen\/\",\"name\":\"Wanderabzeichen der Rota Vicentina\",\"isPartOf\":{\"@id\":\"https:\/\/rotavicentina.com\/#website\"},\"primaryImageOfPage\":{\"@id\":\"https:\/\/rotavicentina.com\/de\/produkt\/wanderabzeichen\/#primaryimage\"},\"image\":{\"@id\":\"https:\/\/rotavicentina.com\/de\/produkt\/wanderabzeichen\/#primaryimage\"},\"thumbnailUrl\":\"https:\/\/rotavicentina.com\/wp-content\/uploads\/2023\/12\/Fotos-Emblema-Rota-Vicentina.jpg\",\"datePublished\":\"2023-12-22T15:25:49+00:00\",\"dateModified\":\"2026-04-19T12:54:22+00:00\",\"description\":\"Offizielles Wanderabzeichen der Rota Vicentina, in Portugal gestickt. Bringen Sie dieses Wanderabzeichen an Ihrer Kleidung oder Ihrem Rucksack als Symbol f\u00fcr die Errungenschaften und zur Erinnerung an die Erlebnisse an, die Sie im S\u00fcdwesten Portugals gemacht haben.\",\"breadcrumb\":{\"@id\":\"https:\/\/rotavicentina.com\/de\/produkt\/wanderabzeichen\/#breadcrumb\"},\"inLanguage\":\"de\",\"potentialAction\":[{\"@type\":\"ReadAction\",\"target\":[\"https:\/\/rotavicentina.com\/de\/produkt\/wanderabzeichen\/\"]}]},{\"@type\":\"ImageObject\",\"inLanguage\":\"de\",\"@id\":\"https:\/\/rotavicentina.com\/de\/produkt\/wanderabzeichen\/#primaryimage\",\"url\":\"https:\/\/rotavicentina.com\/wp-content\/uploads\/2023\/12\/Fotos-Emblema-Rota-Vicentina.jpg\",\"contentUrl\":\"https:\/\/rotavicentina.com\/wp-content\/uploads\/2023\/12\/Fotos-Emblema-Rota-Vicentina.jpg\",\"width\":1200,\"height\":750,\"caption\":\"Wanderabzeichen der Rota Vicentina\"},{\"@type\":\"BreadcrumbList\",\"@id\":\"https:\/\/rotavicentina.com\/de\/produkt\/wanderabzeichen\/#breadcrumb\",\"itemListElement\":[{\"@type\":\"ListItem\",\"position\":1,\"name\":\"Online-Shop\",\"item\":\"https:\/\/rotavicentina.com\/de\/shop\/\"},{\"@type\":\"ListItem\",\"position\":2,\"name\":\"Wanderabzeichen\"}]},{\"@type\":\"WebSite\",\"@id\":\"https:\/\/rotavicentina.com\/#website\",\"url\":\"https:\/\/rotavicentina.com\/\",\"name\":\"Rota Vicentina\",\"description\":\"A p\u00e9 pelo Trilho dos Pescadores, Caminho Hist\u00f3rico ou Percursos Circulares ou v\u00e1 de bicicleta pelos mais de 1000km de Trilhos de Bicicleta na Rota Vicentina.\",\"publisher\":{\"@id\":\"https:\/\/rotavicentina.com\/#organization\"},\"potentialAction\":[{\"@type\":\"SearchAction\",\"target\":{\"@type\":\"EntryPoint\",\"urlTemplate\":\"https:\/\/rotavicentina.com\/?s={search_term_string}\"},\"query-input\":{\"@type\":\"PropertyValueSpecification\",\"valueRequired\":true,\"valueName\":\"search_term_string\"}}],\"inLanguage\":\"de\"},{\"@type\":\"Organization\",\"@id\":\"https:\/\/rotavicentina.com\/#organization\",\"name\":\"Rota Vicentina\",\"url\":\"https:\/\/rotavicentina.com\/\",\"logo\":{\"@type\":\"ImageObject\",\"inLanguage\":\"de\",\"@id\":\"https:\/\/rotavicentina.com\/#\/schema\/logo\/image\/\",\"url\":\"https:\/\/rotavicentina.com\/wp-content\/uploads\/2023\/02\/Rota-Vicentina-SW-Portugal.jpg\",\"contentUrl\":\"https:\/\/rotavicentina.com\/wp-content\/uploads\/2023\/02\/Rota-Vicentina-SW-Portugal.jpg\",\"width\":\"852\",\"height\":\"480\",\"caption\":\"Rota Vicentina\"},\"image\":{\"@id\":\"https:\/\/rotavicentina.com\/#\/schema\/logo\/image\/\"},\"sameAs\":[\"https:\/\/www.facebook.com\/rotavicentina\",\"https:\/\/x.com\/RotaVicentina\",\"https:\/\/www.instagram.com\/rotavicentina\/\",\"https:\/\/pt.linkedin.com\/company\/rota-vicentina\"]}]}<\/script>\n<!-- \/ Yoast SEO Premium plugin. -->","yoast_head_json":{"title":"Wanderabzeichen der Rota Vicentina","description":"Offizielles Wanderabzeichen der Rota Vicentina, in Portugal gestickt. Bringen Sie dieses Wanderabzeichen an Ihrer Kleidung oder Ihrem Rucksack als Symbol f\u00fcr die Errungenschaften und zur Erinnerung an die Erlebnisse an, die Sie im S\u00fcdwesten Portugals gemacht haben.","robots":{"index":"index","follow":"follow","max-snippet":"max-snippet:-1","max-image-preview":"max-image-preview:large","max-video-preview":"max-video-preview:-1"},"canonical":"https:\/\/rotavicentina.com\/de\/produkt\/wanderabzeichen\/","og_locale":"de_DE","og_type":"article","og_title":"Wanderabzeichen der Rota Vicentina","og_description":"Offizielles Wanderabzeichen der Rota Vicentina, in Portugal gestickt. Bringen Sie dieses Wanderabzeichen an Ihrer Kleidung oder Ihrem Rucksack als Symbol f\u00fcr die Errungenschaften und zur Erinnerung an die Erlebnisse an, die Sie im S\u00fcdwesten Portugals gemacht haben.","og_url":"https:\/\/rotavicentina.com\/de\/produkt\/wanderabzeichen\/","og_site_name":"Rota Vicentina","article_publisher":"https:\/\/www.facebook.com\/rotavicentina","article_modified_time":"2026-04-19T12:54:22+00:00","og_image":[{"width":1200,"height":750,"url":"https:\/\/rotavicentina.com\/wp-content\/uploads\/2023\/12\/Fotos-Emblema-Rota-Vicentina.jpg","type":"image\/jpeg"}],"twitter_card":"summary_large_image","twitter_site":"@RotaVicentina","twitter_misc":{"Gesch\u00e4tzte Lesezeit":"1\u00a0Minute"},"schema":{"@context":"https:\/\/schema.org","@graph":[{"@type":"WebPage","@id":"https:\/\/rotavicentina.com\/de\/produkt\/wanderabzeichen\/","url":"https:\/\/rotavicentina.com\/de\/produkt\/wanderabzeichen\/","name":"Wanderabzeichen der Rota Vicentina","isPartOf":{"@id":"https:\/\/rotavicentina.com\/#website"},"primaryImageOfPage":{"@id":"https:\/\/rotavicentina.com\/de\/produkt\/wanderabzeichen\/#primaryimage"},"image":{"@id":"https:\/\/rotavicentina.com\/de\/produkt\/wanderabzeichen\/#primaryimage"},"thumbnailUrl":"https:\/\/rotavicentina.com\/wp-content\/uploads\/2023\/12\/Fotos-Emblema-Rota-Vicentina.jpg","datePublished":"2023-12-22T15:25:49+00:00","dateModified":"2026-04-19T12:54:22+00:00","description":"Offizielles Wanderabzeichen der Rota Vicentina, in Portugal gestickt. Bringen Sie dieses Wanderabzeichen an Ihrer Kleidung oder Ihrem Rucksack als Symbol f\u00fcr die Errungenschaften und zur Erinnerung an die Erlebnisse an, die Sie im S\u00fcdwesten Portugals gemacht haben.","breadcrumb":{"@id":"https:\/\/rotavicentina.com\/de\/produkt\/wanderabzeichen\/#breadcrumb"},"inLanguage":"de","potentialAction":[{"@type":"ReadAction","target":["https:\/\/rotavicentina.com\/de\/produkt\/wanderabzeichen\/"]}]},{"@type":"ImageObject","inLanguage":"de","@id":"https:\/\/rotavicentina.com\/de\/produkt\/wanderabzeichen\/#primaryimage","url":"https:\/\/rotavicentina.com\/wp-content\/uploads\/2023\/12\/Fotos-Emblema-Rota-Vicentina.jpg","contentUrl":"https:\/\/rotavicentina.com\/wp-content\/uploads\/2023\/12\/Fotos-Emblema-Rota-Vicentina.jpg","width":1200,"height":750,"caption":"Wanderabzeichen der Rota Vicentina"},{"@type":"BreadcrumbList","@id":"https:\/\/rotavicentina.com\/de\/produkt\/wanderabzeichen\/#breadcrumb","itemListElement":[{"@type":"ListItem","position":1,"name":"Online-Shop","item":"https:\/\/rotavicentina.com\/de\/shop\/"},{"@type":"ListItem","position":2,"name":"Wanderabzeichen"}]},{"@type":"WebSite","@id":"https:\/\/rotavicentina.com\/#website","url":"https:\/\/rotavicentina.com\/","name":"Rota Vicentina","description":"A p\u00e9 pelo Trilho dos Pescadores, Caminho Hist\u00f3rico ou Percursos Circulares ou v\u00e1 de bicicleta pelos mais de 1000km de Trilhos de Bicicleta na Rota Vicentina.","publisher":{"@id":"https:\/\/rotavicentina.com\/#organization"},"potentialAction":[{"@type":"SearchAction","target":{"@type":"EntryPoint","urlTemplate":"https:\/\/rotavicentina.com\/?s={search_term_string}"},"query-input":{"@type":"PropertyValueSpecification","valueRequired":true,"valueName":"search_term_string"}}],"inLanguage":"de"},{"@type":"Organization","@id":"https:\/\/rotavicentina.com\/#organization","name":"Rota Vicentina","url":"https:\/\/rotavicentina.com\/","logo":{"@type":"ImageObject","inLanguage":"de","@id":"https:\/\/rotavicentina.com\/#\/schema\/logo\/image\/","url":"https:\/\/rotavicentina.com\/wp-content\/uploads\/2023\/02\/Rota-Vicentina-SW-Portugal.jpg","contentUrl":"https:\/\/rotavicentina.com\/wp-content\/uploads\/2023\/02\/Rota-Vicentina-SW-Portugal.jpg","width":"852","height":"480","caption":"Rota Vicentina"},"image":{"@id":"https:\/\/rotavicentina.com\/#\/schema\/logo\/image\/"},"sameAs":["https:\/\/www.facebook.com\/rotavicentina","https:\/\/x.com\/RotaVicentina","https:\/\/www.instagram.com\/rotavicentina\/","https:\/\/pt.linkedin.com\/company\/rota-vicentina"]}]}},"_links":{"self":[{"href":"https:\/\/rotavicentina.com\/de\/wp-json\/wp\/v2\/product\/112849","targetHints":{"allow":["GET"]}}],"collection":[{"href":"https:\/\/rotavicentina.com\/de\/wp-json\/wp\/v2\/product"}],"about":[{"href":"https:\/\/rotavicentina.com\/de\/wp-json\/wp\/v2\/types\/product"}],"wp:featuredmedia":[{"embeddable":true,"href":"https:\/\/rotavicentina.com\/de\/wp-json\/wp\/v2\/media\/112833"}],"wp:attachment":[{"href":"https:\/\/rotavicentina.com\/de\/wp-json\/wp\/v2\/media?parent=112849"}],"wp:term":[{"taxonomy":"product_brand","embeddable":true,"href":"https:\/\/rotavicentina.com\/de\/wp-json\/wp\/v2\/product_brand?post=112849"},{"taxonomy":"product_cat","embeddable":true,"href":"https:\/\/rotavicentina.com\/de\/wp-json\/wp\/v2\/product_cat?post=112849"},{"taxonomy":"product_tag","embeddable":true,"href":"https:\/\/rotavicentina.com\/de\/wp-json\/wp\/v2\/product_tag?post=112849"}],"curies":[{"name":"wp","href":"https:\/\/api.w.org\/{rel}","templated":true}]}}