{"id":80100,"date":"2022-11-28T12:11:47","date_gmt":"2022-11-28T12:11:47","guid":{"rendered":"https:\/\/rotavicentina.com\/pressebereich\/"},"modified":"2023-01-23T17:49:32","modified_gmt":"2023-01-23T17:49:32","slug":"pressebereich","status":"publish","type":"page","link":"https:\/\/rotavicentina.com\/de\/pressebereich\/","title":{"rendered":"Pressebereich"},"content":{"rendered":"<div class=\"wpb-content-wrapper\"><p>[vc_row unlock_row_content=&#8220;&#8220; row_height_percent=&#8220;0&#8243; back_image=&#8220;73508&#8243; shift_y=&#8220;0&#8243; z_index=&#8220;0&#8243; row_height_pixel=&#8220;465px&#8220;][vc_column position_horizontal=&#8220;&#8220; position_vertical=&#8220;d-md-flex align-items-md-end&#8220; style=&#8220;dark&#8220; mobile_width=&#8220;11&#8243; shift_x=&#8220;0&#8243; shift_y=&#8220;0&#8243; z_index=&#8220;0&#8243; width=&#8220;1\/1&#8243;][vc_custom_heading auto_text=&#8220;yes&#8220; heading_semantic=&#8220;h1&#8243; text_size=&#8220;&#8220; el_class=&#8220;alternative-font big-title&#8220;]Pressebereich[\/vc_custom_heading][\/vc_column][\/vc_row][vc_row unlock_row_content=&#8220;&#8220; row_height_percent=&#8220;0&#8243; override_padding=&#8220;yes&#8220; h_padding=&#8220;0&#8243; top_padding=&#8220;4&#8243; bottom_padding=&#8220;3&#8243; shift_y=&#8220;0&#8243; z_index=&#8220;0&#8243;][vc_column position_horizontal=&#8220;&#8220; position_vertical=&#8220;d-md-flex align-items-md-center&#8220; mobile_width=&#8220;11&#8243; shift_x=&#8220;0&#8243; shift_y=&#8220;0&#8243; z_index=&#8220;0&#8243; width=&#8220;1\/1&#8243; mobile_order=&#8220;2&#8243;][vc_custom_heading css_animation=&#8220;alpha-anim&#8220; el_class=&#8220;title-stroked&#8220;]Willkommen im Pressebereich von <del><ins>Rota Vicentina!<\/ins><\/del>[\/vc_custom_heading][vc_column_text css_animation=&#8220;alpha-anim&#8220; max_width=&#8220;655px&#8220;]Im Verein und im Projekt Rota Vicentina setzen wir auf offenen Austausch \u00fcber unsere Inhalte, um die Bildung einer bewussten, informierten und verantwortlichen \u00f6ffentlichen Meinung zu erm\u00f6glichen. Zu diesem Zweck finden Sie in diesem Bereich Ver\u00f6ffentlichungen in der Presse und Inhalte zu diesem Projekt zum Download.[\/vc_column_text][\/vc_column][\/vc_row][vc_row unlock_row_content=&#8220;&#8220; row_height_percent=&#8220;0&#8243; override_padding=&#8220;yes&#8220; h_padding=&#8220;0&#8243; top_padding=&#8220;1&#8243; bottom_padding=&#8220;0&#8243; shift_y=&#8220;0&#8243; z_index=&#8220;0&#8243;][vc_column width=&#8220;1\/2&#8243;][vc_single_image media_div=&#8220;background&#8220; media=&#8220;73516&#8243; media_style=&#8220;dark&#8220; media_title_dimension=&#8220;h3&#8243; media_title_weight=&#8220;font-weight-bold&#8220; css_animation=&#8220;alpha-anim&#8220; title=&#8220;Pressespiegel&#8220; el_class=&#8220;card-image mt-adapt-3&#8243; media_link=&#8220;url:https%3A%2F%2Fblog.rotavicentina.com%2Fblog%2F%3Ftipo%3Dclipping|target:_blank&#8220;][\/vc_single_image][\/vc_column][vc_column width=&#8220;1\/2&#8243;][vc_single_image media_div=&#8220;background&#8220; media=&#8220;73520&#8243; media_style=&#8220;dark&#8220; media_title_dimension=&#8220;h3&#8243; media_title_weight=&#8220;font-weight-bold&#8220; css_animation=&#8220;alpha-anim&#8220; title=&#8220;Pressemappe&#8220; el_class=&#8220;card-image mt-adapt-3&#8243; media_link=&#8220;url:https%3A%2F%2Fdrive.google.com%2Ffile%2Fd%2F1gi_4v89T2tp75iAxVwnDn4msPmdyvJ6n%2Fview|target:_blank|rel:nofollow&#8220;][\/vc_single_image][\/vc_column][\/vc_row][vc_row unlock_row_content=&#8220;&#8220; row_height_percent=&#8220;0&#8243; override_padding=&#8220;yes&#8220; h_padding=&#8220;0&#8243; top_padding=&#8220;0&#8243; bottom_padding=&#8220;2&#8243; shift_y=&#8220;0&#8243; z_index=&#8220;0&#8243;][vc_column width=&#8220;1\/2&#8243;][vc_single_image media_div=&#8220;background&#8220; media=&#8220;80114&#8243; media_style=&#8220;dark&#8220; media_title_dimension=&#8220;h3&#8243; media_title_weight=&#8220;font-weight-bold&#8220; css_animation=&#8220;alpha-anim&#8220; title=&#8220;Newsletter&#8220; el_class=&#8220;card-image mt-adapt-3&#8243; media_link=&#8220;url:https%3A%2F%2Frotavicentina.us3.list-manage.com%2Fsubscribe%3Fu%3D696ce652e1baef79b269142cb%26id%3Dbeb7ae2630|target:_blank|rel:nofollow&#8220;][\/vc_single_image][\/vc_column][vc_column width=&#8220;1\/2&#8243;][vc_single_image media_div=&#8220;background&#8220; media=&#8220;80109&#8243; media_style=&#8220;dark&#8220; media_title_dimension=&#8220;h3&#8243; media_title_weight=&#8220;font-weight-bold&#8220; css_animation=&#8220;alpha-anim&#8220; title=&#8220;Unsere Videos&#8220; el_class=&#8220;card-image mt-adapt-3&#8243; media_link=&#8220;url:https%3A%2F%2Fwww.youtube.com%2Fchannel%2FUCrS1dtg5kt5NICfUfRX8pOA|target:_blank|rel:nofollow&#8220;][\/vc_single_image][\/vc_column][\/vc_row][vc_row unlock_row_content=&#8220;&#8220; row_height_percent=&#8220;0&#8243; override_padding=&#8220;yes&#8220; h_padding=&#8220;0&#8243; top_padding=&#8220;2&#8243; bottom_padding=&#8220;4&#8243; shift_y=&#8220;0&#8243; z_index=&#8220;0&#8243;][vc_column position_horizontal=&#8220;&#8220; position_vertical=&#8220;d-md-flex align-items-md-center&#8220; mobile_width=&#8220;11&#8243; shift_x=&#8220;0&#8243; shift_y=&#8220;0&#8243; z_index=&#8220;0&#8243; width=&#8220;1\/4&#8243; mobile_order=&#8220;2&#8243;][\/vc_column][vc_column width=&#8220;1\/2&#8243;][vc_custom_heading heading_semantic=&#8220;h3&#8243; text_size=&#8220;h3&#8243; css_animation=&#8220;alpha-anim&#8220; el_class=&#8220;title-stroked mt-adapt-3 mb-adapt-6&#8243;]<a href=\"https:\/\/rotavicentina.com\/guia-de-ajuda\/\">Ratgeber<\/a>[\/vc_custom_heading]\n<div class=\"wpcf7 no-js\" id=\"wpcf7-f87558-o1\" lang=\"de-DE\" dir=\"ltr\" data-wpcf7-id=\"87558\">\n<div class=\"screen-reader-response\"><p role=\"status\" aria-live=\"polite\" aria-atomic=\"true\"><\/p> <ul><\/ul><\/div>\n<form action=\"\/de\/wp-json\/wp\/v2\/pages\/80100#wpcf7-f87558-o1\" method=\"post\" class=\"wpcf7-form init\" aria-label=\"Kontaktformular\" novalidate=\"novalidate\" data-status=\"init\">\n<fieldset class=\"hidden-fields-container\"><input type=\"hidden\" name=\"_wpcf7\" value=\"87558\" \/><input type=\"hidden\" name=\"_wpcf7_version\" value=\"6.1.5\" \/><input type=\"hidden\" name=\"_wpcf7_locale\" value=\"de_DE\" \/><input type=\"hidden\" name=\"_wpcf7_unit_tag\" value=\"wpcf7-f87558-o1\" \/><input type=\"hidden\" name=\"_wpcf7_container_post\" value=\"0\" \/><input type=\"hidden\" name=\"_wpcf7_posted_data_hash\" value=\"\" \/><input type=\"hidden\" name=\"_wpcf7dtx_version\" value=\"5.0.5\" \/><input type=\"hidden\" name=\"_wpcf7_recaptcha_response\" value=\"\" \/>\n<\/fieldset>\n<div class=\"field_holder\">\n\t<p><label for=\"nome\" class=\"field_label\">Name<\/label><br \/>\n<span class=\"wpcf7-form-control-wrap\" data-name=\"nome\"><input size=\"40\" maxlength=\"400\" class=\"wpcf7-form-control wpcf7-text wpcf7-validates-as-required\"  required=\"required\" aria-required=\"true\" aria-invalid=\"false\" placeholder=\"Ihr Name\" value=\"\" type=\"text\" name=\"nome\" \/><\/span>\n\t<\/p>\n<\/div>\n<div class=\"d-block font-size-0\">\n\t<div class=\"field-cells\">\n\t\t<div class=\"field_holder\">\n\t\t\t<p><label for=\"email\" class=\"field_label\">Email<\/label><br \/>\n<span class=\"wpcf7-form-control-wrap\" data-name=\"email\"><input size=\"40\" maxlength=\"400\" class=\"wpcf7-form-control wpcf7-email wpcf7-validates-as-required wpcf7-text wpcf7-validates-as-email\" aria-required=\"true\" aria-invalid=\"false\" placeholder=\"oseu@email.com\" value=\"\" type=\"email\" name=\"email\" \/><\/span>\n\t\t\t<\/p>\n\t\t<\/div>\n\t<\/div>\n\t<div class=\"field-cells\">\n\t\t<div class=\"field_holder\">\n\t\t\t<p><label for=\"contacto\" class=\"field_label\">Mobiltelefon<\/label><br \/>\n<span class=\"wpcf7-form-control-wrap\" data-name=\"contacto\"><input size=\"40\" maxlength=\"400\" class=\"wpcf7-form-control wpcf7-text\" aria-invalid=\"false\" placeholder=\"+351 283 327 669\" value=\"\" type=\"text\" name=\"contacto\" \/><\/span>\n\t\t\t<\/p>\n\t\t<\/div>\n\t<\/div>\n<\/div>\n<div class=\"field_holder\">\n\t<p><label for=\"assunto\" class=\"field_label\">Thema<\/label><br \/>\n<span class=\"wpcf7-form-control-wrap\" data-name=\"assunto\"><input size=\"40\" maxlength=\"400\" class=\"wpcf7-form-control wpcf7-text wpcf7-validates-as-required\" aria-required=\"true\" aria-invalid=\"false\" placeholder=\"Thema\" value=\"\" type=\"text\" name=\"assunto\" \/><\/span>\n\t<\/p>\n<\/div>\n<div class=\"field_holder\">\n\t<p><label for=\"message\" class=\"field_label\">Mensagem<\/label><br \/>\n<span class=\"wpcf7-form-control-wrap\" data-name=\"message\"><textarea cols=\"40\" rows=\"10\" maxlength=\"2000\" class=\"wpcf7-form-control wpcf7-textarea\" aria-invalid=\"false\" placeholder=\"Ihre Nachricht\" name=\"message\"><\/textarea><\/span>\n\t<\/p>\n<\/div>\n<span class=\"wpcf7-form-control-wrap page-title\" data-name=\"page-title\"><input type=\"hidden\" name=\"page-title\" class=\"wpcf7-form-control wpcf7-hidden wpcf7dtx wpcf7dtx-hidden\" aria-invalid=\"false\" value=\"Pressebereich\"><\/span>\n<p><input class=\"wpcf7-form-control wpcf7-submit has-spinner button-big mt-adapt-4 w-100\" type=\"submit\" value=\"Senden Sie\" \/>\n<\/p><div class=\"wpcf7-response-output\" aria-hidden=\"true\"><\/div>\n<\/form>\n<\/div>\n[\/vc_column][vc_column width=&#8220;1\/4&#8243;][\/vc_column][\/vc_row]<\/p>\n<\/div>","protected":false},"excerpt":{"rendered":"<p>[vc_row unlock_row_content=&#8220;&#8220; row_height_percent=&#8220;0&#8243; back_image=&#8220;73508&#8243; shift_y=&#8220;0&#8243; z_index=&#8220;0&#8243; row_height_pixel=&#8220;465px&#8220;][vc_column position_horizontal=&#8220;&#8220; position_vertical=&#8220;d-md-flex align-items-md-end&#8220; style=&#8220;dark&#8220; mobile_width=&#8220;11&#8243; shift_x=&#8220;0&#8243; shift_y=&#8220;0&#8243; z_index=&#8220;0&#8243; width=&#8220;1\/1&#8243;][vc_custom_heading auto_text=&#8220;yes&#8220; heading_semantic=&#8220;h1&#8243; text_size=&#8220;&#8220; el_class=&#8220;alternative-font big-title&#8220;]Pressebereich[\/vc_custom_heading][\/vc_column][\/vc_row][vc_row unlock_row_content=&#8220;&#8220; row_height_percent=&#8220;0&#8243; override_padding=&#8220;yes&#8220; h_padding=&#8220;0&#8243; top_padding=&#8220;4&#8243; bottom_padding=&#8220;3&#8243; shift_y=&#8220;0&#8243; z_index=&#8220;0&#8243;][vc_column position_horizontal=&#8220;&#8220; position_vertical=&#8220;d-md-flex align-items-md-center&#8220; mobile_width=&#8220;11&#8243; shift_x=&#8220;0&#8243; shift_y=&#8220;0&#8243; z_index=&#8220;0&#8243; width=&#8220;1\/1&#8243; mobile_order=&#8220;2&#8243;][vc_custom_heading css_animation=&#8220;alpha-anim&#8220; el_class=&#8220;title-stroked&#8220;]Willkommen im Pressebereich von Rota Vicentina![\/vc_custom_heading][vc_column_text css_animation=&#8220;alpha-anim&#8220; max_width=&#8220;655px&#8220;]Im Verein und im Projekt Rota Vicentina setzen wir [&hellip;]<\/p>\n","protected":false},"author":1,"featured_media":0,"parent":0,"menu_order":0,"comment_status":"closed","ping_status":"closed","template":"","meta":{"_acf_changed":false,"footnotes":""},"page-category":[],"class_list":["post-80100","page","type-page","status-publish","hentry"],"acf":[],"yoast_head":"<!-- This site is optimized with the Yoast SEO Premium plugin v19.5 (Yoast SEO v27.0) - https:\/\/yoast.com\/product\/yoast-seo-premium-wordpress\/ -->\n<title>Pressebereich - Rota Vicentina<\/title>\n<meta name=\"robots\" content=\"index, follow, max-snippet:-1, max-image-preview:large, max-video-preview:-1\" \/>\n<link rel=\"canonical\" href=\"https:\/\/rotavicentina.com\/de\/pressebereich\/\" \/>\n<meta property=\"og:locale\" content=\"de_DE\" \/>\n<meta property=\"og:type\" content=\"article\" \/>\n<meta property=\"og:title\" content=\"Pressebereich - Rota Vicentina\" \/>\n<meta property=\"og:description\" content=\"[vc_row unlock_row_content=&#8220;&#8220; row_height_percent=&#8220;0&#8243; back_image=&#8220;73508&#8243; shift_y=&#8220;0&#8243; z_index=&#8220;0&#8243; row_height_pixel=&#8220;465px&#8220;][vc_column position_horizontal=&#8220;&#8220; position_vertical=&#8220;d-md-flex align-items-md-end&#8220; style=&#8220;dark&#8220; mobile_width=&#8220;11&#8243; shift_x=&#8220;0&#8243; shift_y=&#8220;0&#8243; z_index=&#8220;0&#8243; width=&#8220;1\/1&#8243;][vc_custom_heading auto_text=&#8220;yes&#8220; heading_semantic=&#8220;h1&#8243; text_size=&#8220;&#8220; el_class=&#8220;alternative-font big-title&#8220;]Pressebereich[\/vc_custom_heading][\/vc_column][\/vc_row][vc_row unlock_row_content=&#8220;&#8220; row_height_percent=&#8220;0&#8243; override_padding=&#8220;yes&#8220; h_padding=&#8220;0&#8243; top_padding=&#8220;4&#8243; bottom_padding=&#8220;3&#8243; shift_y=&#8220;0&#8243; z_index=&#8220;0&#8243;][vc_column position_horizontal=&#8220;&#8220; position_vertical=&#8220;d-md-flex align-items-md-center&#8220; mobile_width=&#8220;11&#8243; shift_x=&#8220;0&#8243; shift_y=&#8220;0&#8243; z_index=&#8220;0&#8243; width=&#8220;1\/1&#8243; mobile_order=&#8220;2&#8243;][vc_custom_heading css_animation=&#8220;alpha-anim&#8220; el_class=&#8220;title-stroked&#8220;]Willkommen im Pressebereich von Rota Vicentina![\/vc_custom_heading][vc_column_text css_animation=&#8220;alpha-anim&#8220; max_width=&#8220;655px&#8220;]Im Verein und im Projekt Rota Vicentina setzen wir [&hellip;]\" \/>\n<meta property=\"og:url\" content=\"https:\/\/rotavicentina.com\/de\/pressebereich\/\" \/>\n<meta property=\"og:site_name\" content=\"Rota Vicentina\" \/>\n<meta property=\"article:publisher\" content=\"https:\/\/www.facebook.com\/rotavicentina\" \/>\n<meta property=\"article:modified_time\" content=\"2023-01-23T17:49:32+00:00\" \/>\n<meta name=\"twitter:card\" content=\"summary_large_image\" \/>\n<meta name=\"twitter:site\" content=\"@RotaVicentina\" \/>\n<meta name=\"twitter:label1\" content=\"Gesch\u00e4tzte Lesezeit\" \/>\n\t<meta name=\"twitter:data1\" content=\"3\u00a0Minuten\" \/>\n<script type=\"application\/ld+json\" class=\"yoast-schema-graph\">{\"@context\":\"https:\/\/schema.org\",\"@graph\":[{\"@type\":\"WebPage\",\"@id\":\"https:\/\/rotavicentina.com\/de\/pressebereich\/\",\"url\":\"https:\/\/rotavicentina.com\/de\/pressebereich\/\",\"name\":\"Pressebereich - Rota Vicentina\",\"isPartOf\":{\"@id\":\"https:\/\/rotavicentina.com\/#website\"},\"datePublished\":\"2022-11-28T12:11:47+00:00\",\"dateModified\":\"2023-01-23T17:49:32+00:00\",\"inLanguage\":\"de\",\"potentialAction\":[{\"@type\":\"ReadAction\",\"target\":[\"https:\/\/rotavicentina.com\/de\/pressebereich\/\"]}]},{\"@type\":\"WebSite\",\"@id\":\"https:\/\/rotavicentina.com\/#website\",\"url\":\"https:\/\/rotavicentina.com\/\",\"name\":\"Rota Vicentina\",\"description\":\"A p\u00e9 pelo Trilho dos Pescadores, Caminho Hist\u00f3rico ou Percursos Circulares ou v\u00e1 de bicicleta pelos mais de 1000km de Trilhos de Bicicleta na Rota Vicentina.\",\"publisher\":{\"@id\":\"https:\/\/rotavicentina.com\/#organization\"},\"potentialAction\":[{\"@type\":\"SearchAction\",\"target\":{\"@type\":\"EntryPoint\",\"urlTemplate\":\"https:\/\/rotavicentina.com\/?s={search_term_string}\"},\"query-input\":{\"@type\":\"PropertyValueSpecification\",\"valueRequired\":true,\"valueName\":\"search_term_string\"}}],\"inLanguage\":\"de\"},{\"@type\":\"Organization\",\"@id\":\"https:\/\/rotavicentina.com\/#organization\",\"name\":\"Rota Vicentina\",\"url\":\"https:\/\/rotavicentina.com\/\",\"logo\":{\"@type\":\"ImageObject\",\"inLanguage\":\"de\",\"@id\":\"https:\/\/rotavicentina.com\/#\/schema\/logo\/image\/\",\"url\":\"https:\/\/rotavicentina.com\/wp-content\/uploads\/2023\/02\/Rota-Vicentina-SW-Portugal.jpg\",\"contentUrl\":\"https:\/\/rotavicentina.com\/wp-content\/uploads\/2023\/02\/Rota-Vicentina-SW-Portugal.jpg\",\"width\":\"852\",\"height\":\"480\",\"caption\":\"Rota Vicentina\"},\"image\":{\"@id\":\"https:\/\/rotavicentina.com\/#\/schema\/logo\/image\/\"},\"sameAs\":[\"https:\/\/www.facebook.com\/rotavicentina\",\"https:\/\/x.com\/RotaVicentina\",\"https:\/\/www.instagram.com\/rotavicentina\/\",\"https:\/\/pt.linkedin.com\/company\/rota-vicentina\"]}]}<\/script>\n<!-- \/ Yoast SEO Premium plugin. -->","yoast_head_json":{"title":"Pressebereich - Rota Vicentina","robots":{"index":"index","follow":"follow","max-snippet":"max-snippet:-1","max-image-preview":"max-image-preview:large","max-video-preview":"max-video-preview:-1"},"canonical":"https:\/\/rotavicentina.com\/de\/pressebereich\/","og_locale":"de_DE","og_type":"article","og_title":"Pressebereich - Rota Vicentina","og_description":"[vc_row unlock_row_content=&#8220;&#8220; row_height_percent=&#8220;0&#8243; back_image=&#8220;73508&#8243; shift_y=&#8220;0&#8243; z_index=&#8220;0&#8243; row_height_pixel=&#8220;465px&#8220;][vc_column position_horizontal=&#8220;&#8220; position_vertical=&#8220;d-md-flex align-items-md-end&#8220; style=&#8220;dark&#8220; mobile_width=&#8220;11&#8243; shift_x=&#8220;0&#8243; shift_y=&#8220;0&#8243; z_index=&#8220;0&#8243; width=&#8220;1\/1&#8243;][vc_custom_heading auto_text=&#8220;yes&#8220; heading_semantic=&#8220;h1&#8243; text_size=&#8220;&#8220; el_class=&#8220;alternative-font big-title&#8220;]Pressebereich[\/vc_custom_heading][\/vc_column][\/vc_row][vc_row unlock_row_content=&#8220;&#8220; row_height_percent=&#8220;0&#8243; override_padding=&#8220;yes&#8220; h_padding=&#8220;0&#8243; top_padding=&#8220;4&#8243; bottom_padding=&#8220;3&#8243; shift_y=&#8220;0&#8243; z_index=&#8220;0&#8243;][vc_column position_horizontal=&#8220;&#8220; position_vertical=&#8220;d-md-flex align-items-md-center&#8220; mobile_width=&#8220;11&#8243; shift_x=&#8220;0&#8243; shift_y=&#8220;0&#8243; z_index=&#8220;0&#8243; width=&#8220;1\/1&#8243; mobile_order=&#8220;2&#8243;][vc_custom_heading css_animation=&#8220;alpha-anim&#8220; el_class=&#8220;title-stroked&#8220;]Willkommen im Pressebereich von Rota Vicentina![\/vc_custom_heading][vc_column_text css_animation=&#8220;alpha-anim&#8220; max_width=&#8220;655px&#8220;]Im Verein und im Projekt Rota Vicentina setzen wir [&hellip;]","og_url":"https:\/\/rotavicentina.com\/de\/pressebereich\/","og_site_name":"Rota Vicentina","article_publisher":"https:\/\/www.facebook.com\/rotavicentina","article_modified_time":"2023-01-23T17:49:32+00:00","twitter_card":"summary_large_image","twitter_site":"@RotaVicentina","twitter_misc":{"Gesch\u00e4tzte Lesezeit":"3\u00a0Minuten"},"schema":{"@context":"https:\/\/schema.org","@graph":[{"@type":"WebPage","@id":"https:\/\/rotavicentina.com\/de\/pressebereich\/","url":"https:\/\/rotavicentina.com\/de\/pressebereich\/","name":"Pressebereich - Rota Vicentina","isPartOf":{"@id":"https:\/\/rotavicentina.com\/#website"},"datePublished":"2022-11-28T12:11:47+00:00","dateModified":"2023-01-23T17:49:32+00:00","inLanguage":"de","potentialAction":[{"@type":"ReadAction","target":["https:\/\/rotavicentina.com\/de\/pressebereich\/"]}]},{"@type":"WebSite","@id":"https:\/\/rotavicentina.com\/#website","url":"https:\/\/rotavicentina.com\/","name":"Rota Vicentina","description":"A p\u00e9 pelo Trilho dos Pescadores, Caminho Hist\u00f3rico ou Percursos Circulares ou v\u00e1 de bicicleta pelos mais de 1000km de Trilhos de Bicicleta na Rota Vicentina.","publisher":{"@id":"https:\/\/rotavicentina.com\/#organization"},"potentialAction":[{"@type":"SearchAction","target":{"@type":"EntryPoint","urlTemplate":"https:\/\/rotavicentina.com\/?s={search_term_string}"},"query-input":{"@type":"PropertyValueSpecification","valueRequired":true,"valueName":"search_term_string"}}],"inLanguage":"de"},{"@type":"Organization","@id":"https:\/\/rotavicentina.com\/#organization","name":"Rota Vicentina","url":"https:\/\/rotavicentina.com\/","logo":{"@type":"ImageObject","inLanguage":"de","@id":"https:\/\/rotavicentina.com\/#\/schema\/logo\/image\/","url":"https:\/\/rotavicentina.com\/wp-content\/uploads\/2023\/02\/Rota-Vicentina-SW-Portugal.jpg","contentUrl":"https:\/\/rotavicentina.com\/wp-content\/uploads\/2023\/02\/Rota-Vicentina-SW-Portugal.jpg","width":"852","height":"480","caption":"Rota Vicentina"},"image":{"@id":"https:\/\/rotavicentina.com\/#\/schema\/logo\/image\/"},"sameAs":["https:\/\/www.facebook.com\/rotavicentina","https:\/\/x.com\/RotaVicentina","https:\/\/www.instagram.com\/rotavicentina\/","https:\/\/pt.linkedin.com\/company\/rota-vicentina"]}]}},"_links":{"self":[{"href":"https:\/\/rotavicentina.com\/de\/wp-json\/wp\/v2\/pages\/80100","targetHints":{"allow":["GET"]}}],"collection":[{"href":"https:\/\/rotavicentina.com\/de\/wp-json\/wp\/v2\/pages"}],"about":[{"href":"https:\/\/rotavicentina.com\/de\/wp-json\/wp\/v2\/types\/page"}],"author":[{"embeddable":true,"href":"https:\/\/rotavicentina.com\/de\/wp-json\/wp\/v2\/users\/1"}],"replies":[{"embeddable":true,"href":"https:\/\/rotavicentina.com\/de\/wp-json\/wp\/v2\/comments?post=80100"}],"version-history":[{"count":14,"href":"https:\/\/rotavicentina.com\/de\/wp-json\/wp\/v2\/pages\/80100\/revisions"}],"predecessor-version":[{"id":89611,"href":"https:\/\/rotavicentina.com\/de\/wp-json\/wp\/v2\/pages\/80100\/revisions\/89611"}],"wp:attachment":[{"href":"https:\/\/rotavicentina.com\/de\/wp-json\/wp\/v2\/media?parent=80100"}],"wp:term":[{"taxonomy":"page-category","embeddable":true,"href":"https:\/\/rotavicentina.com\/de\/wp-json\/wp\/v2\/page-category?post=80100"}],"curies":[{"name":"wp","href":"https:\/\/api.w.org\/{rel}","templated":true}]}}